{"id":115,"date":"2011-11-23T01:28:17","date_gmt":"2011-11-23T01:28:17","guid":{"rendered":"http:\/\/kf-oster.net\/?page_id=115"},"modified":"2022-10-24T22:25:07","modified_gmt":"2022-10-24T22:25:07","slug":"kontaktpersonar","status":"publish","type":"page","link":"https:\/\/kf-oster.net\/?page_id=115","title":{"rendered":"Leiarskap for Kristent Fellesskap Oster\u00f8y"},"content":{"rendered":"<p><span style=\"color: teal; font-family: 'Lucida Sans';\"><strong><span style=\"font-size: small;\">Ta gjerne kontakt med oss!<\/span><\/strong><\/span><\/p>\n<p><span style=\"color: #1e1e1e; font-family: Arial;\">Reidar \u00c5sheim\u00a0 \u00a0 \u00a0 \u00a0 \u00a0 \u00a0 \u00a0 \u00a0 \u00a0 \u00a0 \u00a0 \u00a0 \u00a0 tf. 926 55 470<\/span><\/p>\n<p>Vegard Askeland Mjelstad\u00a0 \u00a0 \u00a0 \u00a0 \u00a0tf.<\/p>\n<p>Jakob Fuglebakk Aglen\u00a0 \u00a0 \u00a0 \u00a0 \u00a0 \u00a0 \u00a0 tf. 986 53 144<\/p>\n<p>&nbsp;<\/p>\n<p>E-post adresse: \u00a0<em>post(kr\u00f8llalfa)kf-oster.net<\/em><\/p>\n<p>Set inn @ sj\u00f8lv ;-) \u00a0Gjort for \u00e5 unng\u00e5 s\u00f8ppelpost<\/p>\n<p><span style=\"font-size: medium;\">Menighetens kontonr \u00a0er: \u00a03632 52 41386<\/span><br \/>\n<script>\/\/ <![CDATA[\n  (function(i,s,o,g,r,a,m){i['GoogleAnalyticsObject']=r;i[r]=i[r]||function(){\n  (i[r].q=i[r].q||[]).push(arguments)},i[r].l=1*new Date();a=s.createElement(o),\n  m=s.getElementsByTagName(o)[0];a.async=1;a.src=g;m.parentNode.insertBefore(a,m)\n  })(window,document,'script','https:\/\/www.google-analytics.com\/analytics.js','ga');\n\n  ga('create', 'UA-105088674-1', 'auto');\n  ga('send', 'pageview');\n\/\/ ]]><\/script><\/p>\n","protected":false},"excerpt":{"rendered":"<p>Ta gjerne kontakt med oss! Reidar \u00c5sheim\u00a0 \u00a0 \u00a0 \u00a0 \u00a0 \u00a0 \u00a0 \u00a0 \u00a0 \u00a0 \u00a0 \u00a0 \u00a0 tf. 926 55 470 Vegard Askeland Mjelstad\u00a0 \u00a0 \u00a0 \u00a0 \u00a0tf. Jakob Fuglebakk Aglen\u00a0 \u00a0 \u00a0 \u00a0 \u00a0 \u00a0 \u00a0 tf. &hellip; <a class=\"more-link\" href=\"https:\/\/kf-oster.net\/?page_id=115\">Continue reading <span class=\"meta-nav\">&rarr;<\/span><\/a><\/p>\n","protected":false},"author":1,"featured_media":0,"parent":0,"menu_order":0,"comment_status":"closed","ping_status":"closed","template":"onecolumn-page.php","meta":[],"_links":{"self":[{"href":"https:\/\/kf-oster.net\/index.php?rest_route=\/wp\/v2\/pages\/115"}],"collection":[{"href":"https:\/\/kf-oster.net\/index.php?rest_route=\/wp\/v2\/pages"}],"about":[{"href":"https:\/\/kf-oster.net\/index.php?rest_route=\/wp\/v2\/types\/page"}],"author":[{"embeddable":true,"href":"https:\/\/kf-oster.net\/index.php?rest_route=\/wp\/v2\/users\/1"}],"replies":[{"embeddable":true,"href":"https:\/\/kf-oster.net\/index.php?rest_route=%2Fwp%2Fv2%2Fcomments&post=115"}],"version-history":[{"count":18,"href":"https:\/\/kf-oster.net\/index.php?rest_route=\/wp\/v2\/pages\/115\/revisions"}],"predecessor-version":[{"id":602,"href":"https:\/\/kf-oster.net\/index.php?rest_route=\/wp\/v2\/pages\/115\/revisions\/602"}],"wp:attachment":[{"href":"https:\/\/kf-oster.net\/index.php?rest_route=%2Fwp%2Fv2%2Fmedia&parent=115"}],"curies":[{"name":"wp","href":"https:\/\/api.w.org\/{rel}","templated":true}]}}