{"id":159,"date":"2012-02-13T22:26:15","date_gmt":"2012-02-13T22:26:15","guid":{"rendered":"http:\/\/kf-oster.net\/?page_id=159"},"modified":"2019-01-01T22:22:34","modified_gmt":"2019-01-01T22:22:34","slug":"sondagsmoter","status":"publish","type":"page","link":"https:\/\/kf-oster.net\/?page_id=159","title":{"rendered":"S\u00f8ndagsm\u00f8ter"},"content":{"rendered":"<p>&nbsp;<\/p>\n<p>Her er nokre lyd-opptak fr\u00e5 Kristent Fellesskap Oster\u00f8y sine s\u00f8ndagsm\u00f8ter :<\/p>\n<p><a href=\"http:\/\/kf-oster.net\/Diverse\/AsbN-1.mp3\" target=\"_blank\">Tale av Asbj\u00f8rn Normann<\/a>\u00a0 \u00a0 \u00a0 \u00a0 \u00a0 6\/11-11<\/p>\n<p><a href=\"http:\/\/kf-oster.net\/Diverse\/ArnSk-2.mp3\" target=\"_blank\">Tale av Arne Skagen<\/a>\u00a0 \u00a0 \u00a0 \u00a0 \u00a0 \u00a0 \u00a0 \u00a0 12\/2-12 \u00a0 \u00a0 \u00a0 \u00a0 \u00a0 \u00a0 \u00a0 \u00a0 \u00a0 \u00a0 \u00a0 <a href=\"http:\/\/kf-oster.net\/Diverse\/LiseT-jan.mp3\" target=\"_blank\">Tale av Lise Trohjell<\/a> \u00a0 \u00a0 \u00a0 \u00a0 \u00a0 \u00a0 \u00a0 \u00a0 5\/1-14<\/p>\n<p><a href=\"http:\/\/kf-oster.net\/Diverse\/IreneOls.mp3\" target=\"_blank\">Tale av Irene Olsen<\/a>\u00a0 \u00a0 \u00a0 \u00a0 \u00a0 \u00a0 \u00a0 \u00a0 \u00a0 11\/3-12 \u00a0 \u00a0 \u00a0 \u00a0 \u00a0 \u00a0 \u00a0 \u00a0 \u00a0 \u00a0 \u00a0 <a href=\"http:\/\/kf-oster.net\/Diverse\/DagfLise-Ins.mp3\" target=\"_blank\">Eldste innsetjing &#8211; Forb\u00f8nn<\/a> \u00a0 \u00a0 19\/1-14<\/p>\n<p><a href=\"http:\/\/kf-oster.net\/Diverse\/ReidarAa.mp3\" target=\"_blank\">Tale av Reidar \u00c5sheim<\/a>\u00a0 \u00a0 \u00a0 \u00a0 \u00a0 \u00a0 \u00a014\/10-12 \u00a0 \u00a0 \u00a0 \u00a0 \u00a0 \u00a0 \u00a0 \u00a0 \u00a0 \u00a0\u00a0<a href=\"http:\/\/kf-oster.net\/Diverse\/TerjeD-jan.mp3\" target=\"_blank\">Tale av Terje Dale<\/a> \u00a0 \u00a0 \u00a0 \u00a0 \u00a0 \u00a0 \u00a0 \u00a0 19\/1-14<\/p>\n<p><a href=\"http:\/\/kf-oster.net\/Diverse\/Hopl-13-1.mp3\" target=\"_blank\">Tale av Sjur og Idar Hopland<\/a>\u00a0 \u00a013\/1-13 \u00a0 \u00a0 \u00a0 \u00a0 \u00a0 \u00a0 \u00a0 \u00a0 \u00a0 \u00a0 \u00a0 \u00a0<a href=\"http:\/\/kf-oster.net\/Diverse\/ReidarAa-febr.mp3\" target=\"_blank\">Tale av Reidar \u00c5sheim<\/a>\u00a0 \u00a0 \u00a0 \u00a0 \u00a0 \u00a016\/2-14<\/p>\n<p><a href=\"http:\/\/kf-oster.net\/Diverse\/JanE10-3.mp3\" target=\"_blank\">Tale av Jan Eriksen<\/a>\u00a0 \u00a0 \u00a0 \u00a0 \u00a0 \u00a0 \u00a0 \u00a0 \u00a010\/3-13 \u00a0 \u00a0 \u00a0 \u00a0 \u00a0 \u00a0 \u00a0 \u00a0 \u00a0 \u00a0 \u00a0 \u00a0\u00a0<a href=\"http:\/\/kf-oster.net\/Diverse\/ArneD-3-14.mp3\" target=\"_blank\">Tale av Arne Dag Kleveland<\/a> \u00a0 \u00a0 \u00a0 2\/3-14<\/p>\n<p>\/\/\/\/\/\/\/\/\/\/\/\/\/\/\/\/\/\/\/\/\/\/\/\/\/\/\/\/\/\/\/\/\/\/\/\/\/\/\/\/\/\/\/\/\/\/\/\/\/\/\/\/\/\/\/\/\/\/\/\/\/\/\/ \u00a0\u00a0\u00a0\u00a0\u00a0\u00a0\u00a0\u00a0\u00a0\u00a0\u00a0\u00a0\u00a0\u00a0\u00a0\u00a0\u00a0\u00a0\u00a0\u00a0\u00a0<a href=\"http:\/\/kf-oster.net\/Diverse\/AsbN-2.mp3\" target=\"_blank\">Tale av Asbj\u00f8rn Normann<\/a>\u00a0 \u00a0 \u00a0 \u00a0 \u00a011\/5-14<\/p>\n<p><a href=\"http:\/\/kf-oster.net\/Diverse\/IdHopl-12-5.mp3\" target=\"_blank\">Tale av Idar Hopland<\/a>\u00a0 \u00a0 \u00a0 \u00a0 \u00a0 \u00a0 \u00a0 \u00a012\/5-13 \u00a0 \u00a0 \u00a0 \u00a0 \u00a0 \u00a0 \u00a0 \u00a0 \u00a0 \u00a0 \u00a0 \u00a0 <a href=\"http:\/\/kf-oster.net\/Diverse\/DSv11-14.mp3\" target=\"_blank\">Tale av Dag Sveinung \u00c5sheim<\/a>\u00a0 \u00a0 23\/11-14&nbsp;&nbsp;<\/p>\n<p><a href=\"http:\/\/kf-oster.net\/Diverse\/Reidar-1.mp3\" target=\"_blank\">Tale av Reidar \u00c5sheim<\/a>\u00a0 \u00a0 \u00a0 \u00a0 \u00a0 \u00a0 \u00a029\/9-13 \u00a0 \u00a0 \u00a0 \u00a0 \u00a0 \u00a0 \u00a0 \u00a0 \u00a0 \u00a0 \u00a0 \u00a0<a href=\"http:\/\/kf-oster.net\/Diverse\/ArneD12-14.mp3\" target=\"_blank\">Tale av Arne Dag Kleveland<\/a>\u00a0 \u00a0 \u00a0 \u00a0 7\/12-14 &nbsp;&nbsp;<\/p>\n<p><span style=\"color: teal; font-family: 'Lucida Sans';\"><strong><span style=\"font-size: medium;\"><center> 2015<\/center><\/strong><\/span><br \/>\n\/\/\/\/\/\/\/\/\/\/\/\/\/\/\/\/\/\/\/\/\/\/\/\/\/\/\/\/\/\/\/\/\/\/\/\/\/\/\/\/\/\/\/\/\/\/\/\/\/\/\/\/\/\/\/\/\/\/\/\/\/\/\/\/\/\/\/\/\/\/\/\/\/\/\/\/\/\/\/\/\/\/\/\/\/\/\/\/\/\/\/\/\/\/\/\/\/\/\/\/\/\/\/\/\/\/\/\/\/\/\/\/\/\/\/\/\/\/\/\/\/\/\/\/\/\/\/\/\/\/\/\/\/\/\/\/\/\/\/\/\/\/\/\/\/<\/p>\n<p><a href=\"http:\/\/kf-oster.net\/Diverse\/RuneOe-jan15.mp3\" target=\"_blank\">Tale av Rune \u00d8rnes<\/a>\u00a0 \u00a0 \u00a0 \u00a0 \u00a0 \u00a0 \u00a0 \u00a0 11\/1-15<\/p>\n<p>&nbsp;<\/p>\n<p><script>\n  (function(i,s,o,g,r,a,m){i['GoogleAnalyticsObject']=r;i[r]=i[r]||function(){\n  (i[r].q=i[r].q||[]).push(arguments)},i[r].l=1*new Date();a=s.createElement(o),\n  m=s.getElementsByTagName(o)[0];a.async=1;a.src=g;m.parentNode.insertBefore(a,m)\n  })(window,document,'script','https:\/\/www.google-analytics.com\/analytics.js','ga');<\/p>\n<p>  ga('create', 'UA-105088674-1', 'auto');\n  ga('send', 'pageview');<\/p>\n<p><\/script><\/p>\n","protected":false},"excerpt":{"rendered":"<p>&nbsp; Her er nokre lyd-opptak fr\u00e5 Kristent Fellesskap Oster\u00f8y sine s\u00f8ndagsm\u00f8ter : Tale av Asbj\u00f8rn Normann\u00a0 \u00a0 \u00a0 \u00a0 \u00a0 6\/11-11 Tale av Arne Skagen\u00a0 \u00a0 \u00a0 \u00a0 \u00a0 \u00a0 \u00a0 \u00a0 12\/2-12 \u00a0 \u00a0 \u00a0 \u00a0 \u00a0 \u00a0 \u00a0 &hellip; <a class=\"more-link\" href=\"https:\/\/kf-oster.net\/?page_id=159\">Continue reading <span class=\"meta-nav\">&rarr;<\/span><\/a><\/p>\n","protected":false},"author":1,"featured_media":0,"parent":0,"menu_order":0,"comment_status":"closed","ping_status":"closed","template":"onecolumn-page.php","meta":[],"_links":{"self":[{"href":"https:\/\/kf-oster.net\/index.php?rest_route=\/wp\/v2\/pages\/159"}],"collection":[{"href":"https:\/\/kf-oster.net\/index.php?rest_route=\/wp\/v2\/pages"}],"about":[{"href":"https:\/\/kf-oster.net\/index.php?rest_route=\/wp\/v2\/types\/page"}],"author":[{"embeddable":true,"href":"https:\/\/kf-oster.net\/index.php?rest_route=\/wp\/v2\/users\/1"}],"replies":[{"embeddable":true,"href":"https:\/\/kf-oster.net\/index.php?rest_route=%2Fwp%2Fv2%2Fcomments&post=159"}],"version-history":[{"count":1,"href":"https:\/\/kf-oster.net\/index.php?rest_route=\/wp\/v2\/pages\/159\/revisions"}],"predecessor-version":[{"id":160,"href":"https:\/\/kf-oster.net\/index.php?rest_route=\/wp\/v2\/pages\/159\/revisions\/160"}],"wp:attachment":[{"href":"https:\/\/kf-oster.net\/index.php?rest_route=%2Fwp%2Fv2%2Fmedia&parent=159"}],"curies":[{"name":"wp","href":"https:\/\/api.w.org\/{rel}","templated":true}]}}