{"id":222,"date":"2012-03-29T11:11:11","date_gmt":"2012-03-29T11:11:11","guid":{"rendered":"http:\/\/kf-oster.net\/?page_id=222"},"modified":"2019-01-01T22:20:00","modified_gmt":"2019-01-01T22:20:00","slug":"innlegg","status":"publish","type":"page","link":"https:\/\/kf-oster.net\/?page_id=222","title":{"rendered":"Fr\u00e5 Bj\u00f8rn"},"content":{"rendered":"<div>\n<p>&nbsp;<\/p>\n<div>Hei Jarle!<\/div>\n<div>\u00a0\u00a0\u00a0\u00a0\u00a0\u00a0\u00a0\u00a0\u00a0\u00a0\u00a0\u00a0\u00a0\u00a0 Fin nettside du har laga. Biletet av foss og rennande vatn er typisk for\u00a0fjordlandskapet her\u00a0me bur, og passar fint til teksten du har skrive.<\/div>\n<div>Eg er av fleire blitt oppfordra til \u00e5 dele undervisninga eg hadde (las opp) p\u00e5 pub&#8217;en i Haus for nokre veker tilbake, gjerne p\u00e5 nettsida v\u00e5r.\u00a0 Sender det difor til deg som vedlegg her.\u00a0 Du f\u00e5r no sj\u00e5 om det h\u00f8ver til \u00e5 leggjast ut p\u00e5 nettsida.<\/div>\n<div>\u00a0\u00a0\u00a0\u00a0\u00a0\u00a0\u00a0\u00a0\u00a0\u00a0\u00a0\u00a0\u00a0\u00a0\u00a0\u00a0\u00a0\u00a0\u00a0\u00a0\u00a0\u00a0\u00a0\u00a0\u00a0\u00a0\u00a0\u00a0\u00a0\u00a0\u00a0\u00a0\u00a0\u00a0\u00a0\u00a0\u00a0\u00a0\u00a0\u00a0\u00a0\u00a0\u00a0\u00a0\u00a0\u00a0\u00a0\u00a0\u00a0\u00a0\u00a0\u00a0\u00a0\u00a0\u00a0\u00a0\u00a0\u00a0\u00a0\u00a0\u00a0\u00a0\u00a0\u00a0\u00a0\u00a0\u00a0\u00a0\u00a0\u00a0\u00a0\u00a0\u00a0\u00a0\u00a0\u00a0\u00a0\u00a0\u00a0\u00a0\u00a0\u00a0\u00a0\u00a0\u00a0\u00a0\u00a0\u00a0\u00a0\u00a0\u00a0\u00a0\u00a0\u00a0\u00a0\u00a0\u00a0\u00a0\u00a0\u00a0\u00a0\u00a0\u00a0\u00a0\u00a0\u00a0\u00a0\u00a0\u00a0\u00a0\u00a0\u00a0\u00a0\u00a0\u00a0\u00a0\u00a0\u00a0\u00a0\u00a0\u00a0\u00a0\u00a0\u00a0\u00a0\u00a0\u00a0\u00a0\u00a0 M.v.h. Bj\u00f8rn Mjelde.<\/div>\n<div>Svar:<\/div>\n<div>Det h\u00f8ver fint, Bj\u00f8rn ;)\u00a0Takk for innlegget! \u00a0Legg det inn under her.<\/div>\n<div>mvh \u00a0Jarle<\/div>\n<div>*************************************************************************************************<\/div>\n<p><span style=\"font-size: large;\">GUD &#8211; HAN SOM SENDER<\/span><\/p>\n<\/div>\n<p>1. JESUS \u2013 UTSENDT AV FAR FOR EIT OPPDRAG.<\/p>\n<ul>\n<li><strong><em>Joh. 6, 38:\u00a0 <\/em><\/strong><em>\u00a0\u201d<\/em><em>For jeg er kommet ned fra himmelen, <strong>ikke<\/strong> for \u00e5 <strong>gj\u00f8re<\/strong> <strong>min vilje<\/strong>, men for \u00e5 gj\u00f8re <strong>hans vilje<\/strong> som<strong> har sendt meg<\/strong>\u201d<\/em><em>.<\/em><em><\/em><\/li>\n<li><strong><em>Joh. 12, 49. <\/em><\/strong><strong><em>\u00a0<\/em><\/strong><em>\u00a0\u201d<\/em><em>For jeg har ikke talt av meg selv. Men <strong>Faderen<\/strong>,<strong> <\/strong>som <strong>har sendt meg<\/strong>, han har gitt meg befaling om hva jeg skal si og hva jeg skal tale.<strong>\u201d<\/strong><\/em><\/li>\n<li><strong><em>Joh. 10, 17 \u2013 18:\u00a0 \u201d<\/em><\/strong><em>Derfor elsker Faderen meg, fordi jeg setter mitt liv til for at jeg skal ta det igjen. \u00a0Ingen tar det fra meg, men jeg setter det til av meg selv. Jeg har makt til \u00e5 sette det til, og jeg har makt til \u00e5 ta det igjen. Dette <strong>budet<\/strong> <strong>(oppdraget)<\/strong> fikk jeg av <strong>min Far\u201d.<\/strong><\/em><\/li>\n<li>Jesus var veldig klar p\u00e5 at han var blitt <strong>utsendt.<\/strong><\/li>\n<li>Han var veldig klar p\u00e5 at han var blitt utsendt <strong>fr\u00e5 Faderen<\/strong>.<\/li>\n<li>Han var veldig klar p\u00e5 at han var blitt utsendt fr\u00e5 Faderen for \u00e5 <strong>utf\u00f8ra eit oppdrag<\/strong>.<strong><\/strong><\/li>\n<li>Jesus levde ikkje i verda med den haldningen at han ville pr\u00f8va \u00e5 f\u00e5 mest mulig ut av livet p\u00e5 jorda, for sin eigen del. <strong><\/strong><\/li>\n<li>Jesus sitt jordiske liv enda p\u00e5 korset.\u00a0 Det m\u00e5tte enda slik, for egentleg hadde heile livet hans vore eit korsfesta liv. Avsluttninga p\u00e5 livet hans understreka berre korleis han hadde levd heile livet sitt. Han hadde gjort Fars vilje, ikkje sin egen.<strong><\/strong><\/li>\n<\/ul>\n<p><strong>\u00a0<\/strong>2. JESUS ELSKAR FAR \u2013 FAR ELSKAR JESUS.<\/p>\n<ul>\n<li>I Johannes-evangeliet er det <strong><em>to<\/em><\/strong> ting Jesus talar om meir enn noko anna.<strong><\/strong><\/li>\n<\/ul>\n<p><strong>\u00a0<\/strong>\u00b7\u00a0\u00a0\u00a0\u00a0\u00a0\u00a0\u00a0\u00a0 \u00a0\u00a0Det eine er; at han var blitt <strong><em>utsendt<\/em>.<\/strong>\u00a0 I Johannes-evangeliet seier Jesus heile 33 gongar at han var <strong><em>utsendt<\/em><\/strong><em>.<\/em>\u00a0 Jesus var sv\u00e6rt bevisst p\u00e5 at han var blitt <strong><em>utsendt <\/em><\/strong>og representerte<strong><em> ein annan enn seg sj\u00f8lv<\/em><\/strong>.<\/p>\n<p><strong>\u00a0<\/strong>\u00b7\u00a0\u00a0\u00a0\u00a0\u00a0\u00a0\u00a0\u00a0 Det andre Jesus var opptatt av var; <strong><em>Faderen<\/em><\/strong>, som hadde sendt han.\u00a0 Heile <strong>104<\/strong> <strong>gongar<\/strong> nemner Jesus <strong><em>Faderen<\/em><\/strong>, i Johannes evangeliet.\u00a0 Me les i evangelia at Jesus stadig gjekk for seg sj\u00f8lv for <strong><em>\u00e5 vera saman<\/em><\/strong> <strong>med<\/strong> Faderen.<\/p>\n<ul>\n<li><strong>Matt. <\/strong><strong>3, 16 &#8211; 17:\u00a0 <\/strong>\u00a0\u201dDa Jesus var blitt d\u00f8pt, steg han straks opp av vannet. Og se, himmelen \u00e5pnet seg for ham, og han s\u00e5 Guds \u00c5nd stige ned som en due og komme over ham. \u00a0Og se, det l\u00f8d en r\u00f8st fra himmelen: Dette er <strong><em>min S\u00f8nn<\/em><\/strong>, <strong><em>den elskede<\/em><\/strong>. I ham har jeg <strong><em>velbehag<\/em><\/strong>.<strong>\u201d<\/strong><\/li>\n<\/ul>\n<p><strong>\u00a0<\/strong>\u00b7\u00a0\u00a0\u00a0\u00a0\u00a0\u00a0\u00a0\u00a0 <strong>Joh.<\/strong> <strong>3, 35:<\/strong>\u00a0 \u00a0\u201d<strong><em>Faderen<\/em><\/strong> <strong><em>elsker S\u00f8nnen<\/em><\/strong>, og alt har han gitt i hans h\u00e5nd.<\/p>\n<ul>\n<li>Faderen <strong><em>elska<\/em><\/strong> Jesus, og ved to tilfeller lot han disiplane h\u00f8yra si r\u00f8yst, der kj\u00e6rlighetserkl\u00e6ringa til Son sin var h\u00f8rbar for deira \u00f8yre.\u00a0 F\u00f8rste gongen var d\u00e5 Jesus nettopp var d\u00f8ypt.\u00a0 Andre gongen var d\u00e5 Jesus blei forklara for augo deira p\u00e5 fjellet (Matt. 17, 5).<\/li>\n<li>I <strong>Joh. 14, 31,<em> <\/em><\/strong>seier Jesus:<strong><em>\u00a0 <\/em><\/strong>Men for at verden skal vite at <strong>jeg elsker Faderen<\/strong> og <strong>gj\u00f8r slik som Faderen har befalt meg<\/strong> &#8211; st\u00e5 opp, la oss g\u00e5 herfra\u201d.\u00a0 (Han gjekk til korset).<\/li>\n<li><strong>Jesus elska<\/strong> <em>og<\/em> Faderen.\u00a0 Dette viste han p\u00e5 to m\u00e5tar; ved at han <strong><em>satte av tid<\/em><\/strong> til \u00e5 vara sammen med Faderen (Matt 14,23), og ved at han var <strong><em>lydig<\/em><\/strong> mot hans bud.<\/li>\n<\/ul>\n<p><strong>\u00a0<\/strong>3. SAMMEN MED JESUS \u2013 ELSKA AV JESUS.<\/p>\n<ul>\n<li><strong>Mark. 3, 14 \u2013 15:\u00a0 <\/strong>\u00a0\u201dHan tok ut tolv som skulle <strong>v\u00e6re sammen med ham<\/strong>, og som han kunne <strong>sende<\/strong> <strong>ut<\/strong> for \u00e5 forkynne \u00a0og ha makt til \u00e5 helbrede sykdommer og drive ut onde \u00e5nder.\u201d<strong><\/strong><\/li>\n<li>Det er interessant at det st\u00e5r at det var dei som <strong><em>skulle v\u00e6ra sammen med<\/em><\/strong> Jesus, som han seinare skulle <strong><em>senda ut<\/em><\/strong>. Dei kjende Jesus personlig, hans liv og l\u00e6re, og kunne <strong><em>representera <\/em><\/strong>han der dei kom.\u00a0 Jesus sende aldri ut folk som ikkje hadde vore sammen med han, og som ikkje kjende han.<\/li>\n<\/ul>\n<p><strong><em>\u00a0<\/em><\/strong>\u00b7\u00a0\u00a0\u00a0\u00a0\u00a0\u00a0\u00a0\u00a0 <strong><em>Luk. 10, 1:<\/em><\/strong><strong>\u00a0 <\/strong>\u00a0\u201dSenere utpekte Herren sytti andre og <strong>sendte<\/strong> dem <strong>ut<\/strong> foran seg, to og to, til hver by og hvert sted <strong>hvor han selv skulle komme<\/strong>.\u201d<\/p>\n<ul>\n<li>De er og interessant \u00e5 sj\u00e5 at der Jesus hadde tenkt \u00e5 komma, der <strong><em>sender<\/em><\/strong> han nokon <strong><em>forran<\/em><\/strong> <strong><em>seg<\/em><\/strong>.<\/li>\n<li><strong><em>Joh. 13, 1b:\u00a0 <\/em><\/strong>\u00a0 \u201dOg som han hadde <strong><em>elsket <\/em><\/strong>sine egne som var i verden, slik <strong><em>elsket han<\/em><\/strong> <strong><em>dem<\/em><\/strong> til det siste\u201d.<\/li>\n<li>Den kj\u00e6rligheten som prega forholdet mellom Jesus og Faderen, brakte Jesus med seg inn i fellesskapet med disiplane. Dei opplevde seg elska av Jesus, heilt til det siste.\u00a0 Kj\u00e6rligheten heldt ut alt (1.Kor 13,7).\u00a0 Johannes fekk denne openberringa ved \u00e5 vera sammen med Jesus i 3 \u00e5r; at <strong>Gud <em>er<\/em> kj\u00e6rlighet<\/strong>.<\/li>\n<li><strong><em>1. Joh. 4, 8:\u00a0 <\/em><\/strong>Den som <strong><em>ikke elsker<\/em><\/strong>, \u00a0<strong><em>kjenner ikke<\/em><\/strong> Gud, for Gud <strong><em>er<\/em><\/strong> kj\u00e6rlighet.<\/li>\n<\/ul>\n<p>4. JESUS SENDER OSS<\/p>\n<ul>\n<li><strong>Joh. 20, 21:\u00a0\u00a0\u00a0 \u201d<\/strong>Jesus sa da igjen til dem: Fred v\u00e6re med dere. Likesom <strong>Faderen har utsendt \u00a0meg<\/strong>, <strong>sender<\/strong> ogs\u00e5 <strong>jeg dere<\/strong>.\u201d<\/li>\n<\/ul>\n<p><strong>\u00a0<\/strong>Her gjer Jesus stafettpinnen fr\u00e5 Faderen vidare <strong><em>til oss<\/em><\/strong>.\u00a0 Der <strong><em>Faderen<\/em><\/strong> hadde sendt <strong><em>Jesus<\/em><\/strong> for \u00e5 representera <strong><em>seg<\/em><\/strong>, sender <strong><em>Jesus oss<\/em><\/strong> for \u00e5 representera <strong><em>seg og Faderen<\/em><\/strong>.<\/p>\n<ul>\n<li><strong>Joh. 13, 20: \u00a0<\/strong>(Jesus seier:)<strong> <\/strong>\u00a0\u201dSannelig, sannelig sier jeg dere: Den som tar imot <strong><em>en som jeg<\/em><\/strong> <strong><em>sender<\/em><\/strong>, tar imot <strong><em>meg<\/em><\/strong>. Og den som tar imot <strong><em>meg<\/em><\/strong>, tar imot <strong><em>ham<\/em><\/strong><em> <strong>som har sendt \u00a0meg<\/strong><\/em>.<strong>\u201d<\/strong> (Faderen).<\/li>\n<\/ul>\n<ul>\n<li><strong>Matt. 28, 18 \u2013 19a:\u00a0 <\/strong>\u00a0\u201dOg Jesus tr\u00e5dte fram, talte til dem og sa: Meg er gitt all makt i himmel og p\u00e5 jord. \u00a0<strong><em>G\u00e5 derfor ut<\/em><\/strong> og gj\u00f8r alle folkeslag til disipler\u201d.<\/li>\n<li><strong>Mark. 16, 15: <\/strong>\u201dOg han sa til dem: <strong>G\u00e5 ut<\/strong> i all verden og <strong>forkynn<\/strong> evangeliet for all skapningen\u201d.<strong> <\/strong><\/li>\n<li><strong><em>G\u00e5 derfor ut.\u00a0 <\/em><\/strong>Det er det ein seier n\u00e5r ein <strong><em>sender nokon<\/em><\/strong>.<\/li>\n<li>S\u00e5 Jesus gjer det veldig klart at <strong><em>me<\/em><\/strong> er blitt <strong><em>utsendt<\/em><\/strong> av Gud, for \u00e5 <strong><em>representera<\/em><\/strong> han.<\/li>\n<li>Slik Jesus var seg<strong><em> <\/em><\/strong><em>bevisst<\/em> at han var <strong><em>utsendt<\/em><\/strong>, slik trur eg og at me skulle vera oss <em>bevisste<\/em>, at <strong><em>me og <\/em><\/strong>er<strong><em> utsendte<\/em><\/strong> for \u00e5 <strong><em>representera<\/em><\/strong> ein annan enn oss sj\u00f8lve, alts\u00e5 <strong>Gud<\/strong>.<\/li>\n<\/ul>\n<p>5. \u00c5 BLI ELSKA AV GUD<\/p>\n<ul>\n<li>I forbindelse med at Jesus understrekar at; det \u00e5 elska han, er \u00e5 halda fast p\u00e5 hans ord, seier han:<\/li>\n<li><strong><em>Joh. 14, 21b + 14, 23b:<\/em><\/strong><em> \u00a0 Den som elsker meg, <strong>skal bli<\/strong> <strong>elsket av min Far<\/strong>. Og <strong>jeg<\/strong> <strong>skal elske ham<\/strong> og \u00e5penbare meg for ham, og <strong>min Far<\/strong> skal <strong>elske han<\/strong> og <strong>vi<\/strong> skal komme til han\u00a0 og ta bolig i han.<\/em><\/li>\n<li><strong><em>Joh. 15, 9:\u00a0 <\/em><\/strong>Likesom Faderen har elsket meg, s\u00e5 har <strong>jeg elsket dere<\/strong>. Bli i min kj\u00e6rlighet.<\/li>\n<li>Den kj\u00e6rlighetsrelasjonen som Jesus hadde med Faderen, den inviterer no Jesus <strong><em>oss inn i<\/em><\/strong>.<\/li>\n<li><strong><em>Kom inn<\/em><\/strong> og bli elska av oss, seier Jesus.<\/li>\n<\/ul>\n<p><em>\u00a0<\/em>\u00b7\u00a0\u00a0\u00a0\u00a0\u00a0\u00a0\u00a0\u00a0 Men det er viktig at me, slik som Jesus, har ein <strong><em>balanse<\/em><\/strong> i det \u00e5 vara bevisste at me er <strong><em>utsendte<\/em><\/strong>, og det \u00e5 <strong><em>dyrka<\/em><\/strong> og <strong>elska <\/strong>Jesus og v\u00e5r himmelske Far, i ein <strong><em>n\u00e6r relasjon<\/em><\/strong>.<\/p>\n<ul>\n<li>I historien om Marta og Maria, sa Jesus om Maria; at ho hadde vald <strong><em>den gode del<\/em><\/strong>, som var <strong><em>n\u00f8dvendig.<\/em><\/strong> (Luk. 10, 42)<\/li>\n<li>Me m\u00e5, lik disipane, <strong><em>vera sammen med<\/em><\/strong> Jesus for \u00e5 kunna bli <strong><em>utsendt<\/em><\/strong> av han.\u00a0 Og me m\u00e5 <strong><em>kjenna<\/em><\/strong> Faderens hjerta for \u00e5 kunna <strong>representera<\/strong> han.<\/li>\n<\/ul>\n<p>6. OPPDRAGET \u2013 \u00c5 REPRESENTERA GUD.<\/p>\n<ul>\n<li>Kva er s\u00e5 <strong><em>oppdraget?<\/em><\/strong><\/li>\n<li>Det er eit <strong><em>kj\u00e6rlighetsoppdrag<\/em><\/strong>.\u00a0 Fordi Gud er kj\u00e6rlighet.<\/li>\n<li>Det er eit <strong><em>forsonings-oppdrag<\/em><\/strong>.\u00a0 Gud er ein forsona Gud, som elskar. Han vil at alle menneske (1.Tim 2, 4) skal bli forsona med seg, gjennom Jesus stedfortredande offer p\u00e5 korset (2.Kor 5,18-20).<\/li>\n<\/ul>\n<p>\u00b7\u00a0\u00a0\u00a0\u00a0\u00a0\u00a0\u00a0\u00a0 Det er eit <strong><em>Guds Rike-oppdrag.\u00a0 <\/em><\/strong>Hans rike og herred\u00f8me skal utbreiast.\u00a0 Jesus er Herre over himmel og jord(Matt 28,18 \/ Efes 1,22).\u00a0 Alt skal bli lagt under hans f\u00f8tter (Hebr. 10, 13).\u00a0 Guds godhet driv folk til omvendelse (Rom 2, 4).<\/p>\n<ul>\n<li>Me les i <strong><em>Luk. 10, 1<\/em><\/strong>; at Jesus sendte disiplar <strong><em>forran <\/em><\/strong>seg, dit <strong><em>han sj\u00f8lv skulle koma<\/em><\/strong>.\u00a0 Slik er det <strong><em>i dag og<\/em><\/strong>.\u00a0 Han \u00f8nskjer \u00e5 <strong><em>sender oss ut<\/em><\/strong> for \u00e5 m\u00f8ta folk, slik at <strong><em>han sj\u00f8lv<\/em><\/strong> kan komma etter, <strong><em>inn i hjertene<\/em><\/strong> til dei han sender oss til.<\/li>\n<li>Det at me er utsendte, betyr ikkje n\u00f8dvendigvis at me skal ut p\u00e5 gater og evangelisera (det kan det sj\u00f8lvsagt og bety).\u00a0 Men for dei fleste av oss\u00a0 betyr det at me er oss bevisste, at\u00a0 me <strong><em>representerar Gud<\/em><\/strong> der me er; i familien, i nabolaget, p\u00e5 skulen eller p\u00e5 jobben.<\/li>\n<\/ul>\n<p>7. \u00c5 OPPDAGA SITT KALL.<\/p>\n<ul>\n<li>D\u00e5 Jesus l\u00e5g i vogga i stallen i Betlehem, visste han ingenting om oppdraget.\u00a0 Han var ein baby, som ikkje ein gong kunne snakka. <strong><\/strong><\/li>\n<li>Han m\u00e5tte veksa, modnast og sj\u00f8lv finna ut av oppdraget.\u00a0 Evangelia gjev oss sm\u00e5 glimt om det n\u00e6re b\u00f8nnefellesskapet Jesus hadde med sin himmelske Far.\u00a0 Dette har han truleg uttvikla tidleg i livet, og har gjort at han fekk ein klarare og klarare forst\u00e5else av sin identitet og det oppdraget som Faderen hadde gitt han. <strong><\/strong><\/li>\n<li>Som tolv\u00e5ring var han i tempelet.\u00a0 Han hadde allerede l\u00e6rt seg \u00e5 vera i Guds hus for \u00e5 h\u00f8yra Guds ord.\u00a0 Han kjende allerede godt til Guds ord.\u00a0 Truleg hadde han f\u00e5tt inn Guds ord fr\u00e5 foreldra i tidleg barndom.\u00a0 Etter at han hadde l\u00e6rt \u00e5 lesa (Luk 4, 17-20), har han nok vore ein sv\u00e6rt ivrig bibellesar.<strong><\/strong><\/li>\n<li>I tilegg til skriftene i GT, som han kjende til, hadde Jesus og f\u00e5tt fleire profetiar og profetiske teikn fr\u00e5 han var i mors liv.\u00a0 Engelen Gabriel (Luk 1,32-33, 35), Elisabeth, mor til d\u00f8yparen Johannes (Luk 1,41-45), Maria, mor hans (Luk 1, 46-55), englane p\u00e5 Betlehemsmarkene (Luk 2,10-14), Simon (Luk 2,25-32) og Anna (Luk 2, 36-38) hadde profetert og tala om han.\u00a0 Det st\u00e5r at Maria g\u00f8ymde <strong><em>alt dette<\/em><\/strong> i hjarta sitt (Luk 2,19).\u00a0 Truleg har Jesus f\u00e5tt h\u00f8yra desse orda og hendingane d\u00e5 han vaks opp.\u00a0\u00a0 <strong><\/strong><\/li>\n<\/ul>\n<p><strong>\u00a0<\/strong>\u00b7\u00a0\u00a0\u00a0\u00a0\u00a0\u00a0\u00a0\u00a0 Gjennom Guds Ord, ved dei profetiske orda og hendingane og i b\u00f8nnefellesskapet\u00a0 med Faderen, s\u00e5 l\u00e6rte han \u00e5 forst\u00e5 sin identitet, som Guds Son, og den livsoppgava som Faderen hadde gitt han.<\/p>\n<ul>\n<li>Var dette veien for Jesus, s\u00e5 er det nok veien for oss i dag og. Slik kan me ved Guds Ord i bibelen, i b\u00f8nnefellesskapet med v\u00e5r himmelske Far og ved profetiske ord fr\u00e5 br\u00f8r og s\u00f8stre i menigheten, gjera framgang i \u00e5 forst\u00e5 v\u00e5r identitet som Guds s\u00f8nner og d\u00f8tre, og v\u00e5r plass i det oppdraget Gud har gitt oss. D\u00e5 kan me tena kvarandre og Gud, med den n\u00e5deg\u00e5va Gud har gitt kvar einskild (1.Pet. 4, 10).<\/li>\n<\/ul>\n<p>8. \u00c5 LEVA VED JESUS<\/p>\n<ul>\n<li><strong>Joh. 6, 57:\u00a0 \u201d<\/strong>Likesom den levende Faderen <strong>har sendt meg<\/strong>, og <strong>jeg lever ved<\/strong> <strong>Faderen<\/strong>, slik skal ogs\u00e5 den som eter meg, <strong>leve ved meg<\/strong>.\u201d<strong><\/strong><\/li>\n<li>Jesus, som var <strong>Gud<\/strong> (Joh 1,1), og hadde<strong> liv i seg sj\u00f8lv <\/strong>(Joh 5,26), valde \u00e5 begrensa seg sj\u00f8lv og leva <strong>ved<\/strong> <strong>Faderen<\/strong>, medan han var p\u00e5 jorda. Slik blir han eit eksempel for oss i det \u00e5 leva ved Gud. \u00c5 ha v\u00e5r kilda i Gud, og ikkje i oss sj\u00f8lv.<\/li>\n<\/ul>\n<p>9. L\u00c6RA AV JESU EKSEMPEL<\/p>\n<ul>\n<li>Det er fleire ting me kan l\u00e6ra ved \u00e5 studera forholdet Jesus hadde til sin Far.<\/li>\n<li><strong>Joh. 7, 18:\u00a0 \u201d<\/strong>Den som taler <strong>av seg selv<\/strong>, s\u00f8ker sin egen \u00e6re. Men den som s\u00f8ker hans \u00e6re <strong>som har sendt ham<\/strong>, er sannferdig, og det er ikke urettferdighet i ham.\u201d<strong><\/strong><\/li>\n<li>Dersom v\u00e5rt motiv er \u00e5 s\u00f8kja eige \u00e6re, s\u00e5 talar med av oss sj\u00f8lv. Gud vil ikkje v\u00e6ra i det.<strong><\/strong><\/li>\n<li><strong>Joh. 8, 29:\u00a0 \u00a0\u00a0\u201d<\/strong>Han <strong>som har sendt meg<\/strong>, er <strong>med meg<\/strong>. Han har <strong>ikke<\/strong> latt meg bli <strong>alene<\/strong>, for jeg gj\u00f8r alltid det som er til behag for ham.\u201d<\/li>\n<li>Det er befriande \u00e5 vera ein <strong>utsending<\/strong>, fordi ein utsending er <strong>aldri<\/strong> <strong>\u00e5leine<\/strong>. Han som har utsendt, <strong>f\u00f8lgjer med han<\/strong>.\u00a0 <strong><\/strong><\/li>\n<li>Som far til litt eldre barn, har eg ikkje til ei kvar tid oversikt over kva barna f\u00f8retek seg, kvar dei er, eller kven dei er i lag med.\u00a0 Men dersom eg sender\u00a0 eit av barna i eit <strong>\u00e6rend for meg<\/strong>, d\u00e5 vil eg f\u00f8lgja med p\u00e5 ein annan m\u00e5te. Eg vil kanskje tenkja p\u00e5 vedkommande, kanskje\u00a0 ber eg for han at \u00e6rendet m\u00e5 lukkast eller eg har kontakt p\u00e5 mobiltelefonen. Og n\u00e5r barnet er tilbake vil eg h\u00f8yra korleis det har g\u00e5tt.\u00a0 Han vil ikkje f\u00f8la seg \u00e5leine, men oppleva at far f\u00f8lgjer med.<strong><\/strong><\/li>\n<li>At Gud f\u00f8lgjer med sine utsendingar er enda meir sant.\u00a0 Jesus seier: \u201dOg se, <strong>jeg er med dere<\/strong> alle dager inntil verdens ende\u201d.(Matt 28, 20)<strong><\/strong><\/li>\n<li><strong>Joh. 12, 49.\u00a0 <\/strong>\u00a0\u201dFor jeg har ikke talt av meg selv. Men Faderen, <strong>som har sendt meg<\/strong>, han har <strong>gitt meg befaling<\/strong> om hva jeg skal si og hva jeg skal tale.\u201d<\/li>\n<li>Jesus hadde alltid \u00f8yra vendt til Faderen for \u00e5 bli leda av Han.<strong>\u00a0<\/strong><\/li>\n<li><strong>Joh. 17, 25:\u00a0 \u201d<\/strong>Rettferdige Far! Verden har ikke kjent deg, men jeg har kjent deg. Og disse (disiplane) har <strong>erkjent<\/strong> at du har<strong> utsendt meg<\/strong>.\u201d<strong><\/strong><\/li>\n<li>Forskjellen p\u00e5 farisearane og disiplane sin holdning til Jesus, var at disiplane trudde at Jesus var ein <strong>utsending<\/strong> fr\u00e5 Gud. Derfor tok dei imot det han sa. <strong><\/strong><\/li>\n<li><strong>Joh. 17, 18:\u00a0 \u201d<\/strong>Likesom du har <strong>utsendt meg<\/strong> til verden, har ogs\u00e5 <strong>jeg utsendt dem<\/strong> til verden.\u201d<\/li>\n<li>Det er viktig \u00e5 <strong>ta imot<\/strong> <strong>Guds<\/strong> <strong>utsendingar<\/strong>.\u00a0 For Gud jobbar gjennom sine utsendingar.\u00a0 Den som tar imot ein profet, f\u00e5r ein profets l\u00f8nn, og den som tar imot ein rettferdig, f\u00e5r ein rettferdig manns l\u00f8nn (Matt 10,41).<\/li>\n<li><strong>Joh. 9, 4 &#8211; 7:\u00a0 \u201d<\/strong>Jeg m\u00e5 gj\u00f8re hans gjerninger <strong>som har sendt meg<\/strong>, s\u00e5 lenge det er dag. Natten kommer da ingen kan arbeide. \u00a0Mens jeg er i verden, er jeg verdens lys. \u00a0Da han hadde sagt dette, spyttet han p\u00e5 jorden, laget en deig av spyttet og smurte deigen p\u00e5 <strong>\u00f8ynene <\/strong>hans. \u00a0Og han sa <a href=\"http:\/\/www.youversion.com\/bible\/chapter\/nb\/john\/9\">til<\/a> ham: G\u00e5 og <strong>vask<\/strong> deg i dammen <strong>Siloa<\/strong>. &#8211; det betyr: <strong>utsendt<\/strong>. Han gikk da bort og vasket seg, og kom tilbake <strong>seende<\/strong>.\u201d<\/li>\n<li>Det er viktig \u00e5 ha augene v\u00e5re vaska i \u201d<strong>utsendt-dammen\u201d, <\/strong>d\u00e5 ser me ting p\u00e5 ein heilt ny m\u00e5te.<\/li>\n<\/ul>\n<p>&nbsp;<br \/>\n<script>\n  (function(i,s,o,g,r,a,m){i['GoogleAnalyticsObject']=r;i[r]=i[r]||function(){\n  (i[r].q=i[r].q||[]).push(arguments)},i[r].l=1*new Date();a=s.createElement(o),\n  m=s.getElementsByTagName(o)[0];a.async=1;a.src=g;m.parentNode.insertBefore(a,m)\n  })(window,document,'script','https:\/\/www.google-analytics.com\/analytics.js','ga');<\/p>\n<p>  ga('create', 'UA-105088674-1', 'auto');\n  ga('send', 'pageview');<\/p>\n<p><\/script><\/p>\n","protected":false},"excerpt":{"rendered":"<p>&nbsp; Hei Jarle! \u00a0\u00a0\u00a0\u00a0\u00a0\u00a0\u00a0\u00a0\u00a0\u00a0\u00a0\u00a0\u00a0\u00a0 Fin nettside du har laga. Biletet av foss og rennande vatn er typisk for\u00a0fjordlandskapet her\u00a0me bur, og passar fint til teksten du har skrive. Eg er av fleire blitt oppfordra til \u00e5 dele undervisninga eg hadde &hellip; <a class=\"more-link\" href=\"https:\/\/kf-oster.net\/?page_id=222\">Continue reading <span class=\"meta-nav\">&rarr;<\/span><\/a><\/p>\n","protected":false},"author":1,"featured_media":0,"parent":0,"menu_order":0,"comment_status":"closed","ping_status":"closed","template":"onecolumn-page.php","meta":[],"_links":{"self":[{"href":"https:\/\/kf-oster.net\/index.php?rest_route=\/wp\/v2\/pages\/222"}],"collection":[{"href":"https:\/\/kf-oster.net\/index.php?rest_route=\/wp\/v2\/pages"}],"about":[{"href":"https:\/\/kf-oster.net\/index.php?rest_route=\/wp\/v2\/types\/page"}],"author":[{"embeddable":true,"href":"https:\/\/kf-oster.net\/index.php?rest_route=\/wp\/v2\/users\/1"}],"replies":[{"embeddable":true,"href":"https:\/\/kf-oster.net\/index.php?rest_route=%2Fwp%2Fv2%2Fcomments&post=222"}],"version-history":[{"count":0,"href":"https:\/\/kf-oster.net\/index.php?rest_route=\/wp\/v2\/pages\/222\/revisions"}],"wp:attachment":[{"href":"https:\/\/kf-oster.net\/index.php?rest_route=%2Fwp%2Fv2%2Fmedia&parent=222"}],"curies":[{"name":"wp","href":"https:\/\/api.w.org\/{rel}","templated":true}]}}