{"id":224,"date":"2012-03-30T16:08:57","date_gmt":"2012-03-30T16:08:57","guid":{"rendered":"http:\/\/kf-oster.net\/?page_id=224"},"modified":"2022-10-24T22:20:01","modified_gmt":"2022-10-24T22:20:01","slug":"klassiske-taler","status":"publish","type":"page","link":"https:\/\/kf-oster.net\/?page_id=224","title":{"rendered":"Utvalgte taler"},"content":{"rendered":"<p>Her kjem me til \u00e5 leggja ut nokre utvalgte taler som framleis er like aktuelle.<\/p>\n<p>Obs! Chrome eller Firefox er betre enn Explorer til \u00e5 spela av desse! (min erfaring)<\/p>\n<p>Bergen 02.05.1999:<br \/>\n1)<a href=\"http:\/\/kf-oster.net\/Diverse\/NoAskl-1.mp3\" target=\"_blank\" rel=\"noopener\"> Guds Sanne N\u00e5de<\/a> (56min) \u00a0 \u00a0av \u00a0 Noralv Askeland<\/p>\n<p>Bergen 16.04.2000:<br \/>\n2)\u00a0<a href=\"http:\/\/kf-oster.net\/wp-content\/uploads\/2014\/01\/Tro-NAskl.mp3\">Tro p\u00e5 Gud<\/a>\u00a0 (52min) \u00a0 \u00a0av \u00a0 Noralv Askeland \u00a0 <span style=\"color: #ff0000;\"><em>(Lagt inn 27\/1-14)<\/em><\/span><\/p>\n<p>Bergen 30.12.2001:<br \/>\n3)<a href=\"http:\/\/kf-oster.net\/Diverse\/ErlThu2.mp3\" target=\"_blank\" rel=\"noopener\"> Kall til teneste<\/a> (45min) \u00a0 \u00a0av \u00a0 Erling Thu<\/p>\n<p>Stokke 18.07.2002:<br \/>\n4)<a href=\"http:\/\/kf-oster.net\/Diverse\/NorErlKn.mp3\" target=\"_blank\" rel=\"noopener\"> Misjon, fakta og levande fellesskap<\/a> (68min) \u00a0 \u00a0av \u00a0 Noralv Askeland, Knut Osland og Erling Thu<\/p>\n<p>Bergen 06.10.2002:<br \/>\n5)<a href=\"http:\/\/kf-oster.net\/Diverse\/NoAskl-2.mp3\" target=\"_blank\" rel=\"noopener\"> Guds n\u00e5de &#8211; Du er ein ny skapning<\/a> (72min) \u00a0 \u00a0av \u00a0 Noralv Askeland<\/p>\n<p>Bergen 03.07.2005:<br \/>\n6)<a href=\"http:\/\/kf-oster.net\/Diverse\/ErlThu1.mp3\" target=\"_blank\" rel=\"noopener\"> Noko stort er i ferd med \u00e5 henda i v\u00e5r tid!<\/a> (40min)\u00a0 av \u00a0 Erling Thu<br \/>\n<script>\n  (function(i,s,o,g,r,a,m){i['GoogleAnalyticsObject']=r;i[r]=i[r]||function(){\n  (i[r].q=i[r].q||[]).push(arguments)},i[r].l=1*new Date();a=s.createElement(o),\n  m=s.getElementsByTagName(o)[0];a.async=1;a.src=g;m.parentNode.insertBefore(a,m)\n  })(window,document,'script','https:\/\/www.google-analytics.com\/analytics.js','ga');<\/p>\n<p>  ga('create', 'UA-105088674-1', 'auto');\n  ga('send', 'pageview');<\/p>\n<p><\/script><\/p>\n","protected":false},"excerpt":{"rendered":"<p>Her kjem me til \u00e5 leggja ut nokre utvalgte taler som framleis er like aktuelle. Obs! Chrome eller Firefox er betre enn Explorer til \u00e5 spela av desse! (min erfaring) Bergen 02.05.1999: 1) Guds Sanne N\u00e5de (56min) \u00a0 \u00a0av \u00a0 &hellip; <a class=\"more-link\" href=\"https:\/\/kf-oster.net\/?page_id=224\">Continue reading <span class=\"meta-nav\">&rarr;<\/span><\/a><\/p>\n","protected":false},"author":1,"featured_media":0,"parent":0,"menu_order":0,"comment_status":"closed","ping_status":"closed","template":"onecolumn-page.php","meta":[],"_links":{"self":[{"href":"https:\/\/kf-oster.net\/index.php?rest_route=\/wp\/v2\/pages\/224"}],"collection":[{"href":"https:\/\/kf-oster.net\/index.php?rest_route=\/wp\/v2\/pages"}],"about":[{"href":"https:\/\/kf-oster.net\/index.php?rest_route=\/wp\/v2\/types\/page"}],"author":[{"embeddable":true,"href":"https:\/\/kf-oster.net\/index.php?rest_route=\/wp\/v2\/users\/1"}],"replies":[{"embeddable":true,"href":"https:\/\/kf-oster.net\/index.php?rest_route=%2Fwp%2Fv2%2Fcomments&post=224"}],"version-history":[{"count":2,"href":"https:\/\/kf-oster.net\/index.php?rest_route=\/wp\/v2\/pages\/224\/revisions"}],"predecessor-version":[{"id":717,"href":"https:\/\/kf-oster.net\/index.php?rest_route=\/wp\/v2\/pages\/224\/revisions\/717"}],"wp:attachment":[{"href":"https:\/\/kf-oster.net\/index.php?rest_route=%2Fwp%2Fv2%2Fmedia&parent=224"}],"curies":[{"name":"wp","href":"https:\/\/api.w.org\/{rel}","templated":true}]}}