{"id":292,"date":"2013-12-04T00:22:54","date_gmt":"2013-12-04T00:22:54","guid":{"rendered":"http:\/\/kf-oster.net\/?page_id=292"},"modified":"2019-01-01T22:32:48","modified_gmt":"2019-01-01T22:32:48","slug":"fra-ragnar","status":"publish","type":"page","link":"https:\/\/kf-oster.net\/?page_id=292","title":{"rendered":"Fr\u00e5 Ragnar"},"content":{"rendered":"<p style=\"text-align: center;\">POTTEMAKAREN<\/p>\n<p style=\"text-align: center;\">Eit ord fr\u00e5 Herren p\u00e5 m\u00f8tet i Oster\u00f8y KF 15.09.2013<\/p>\n<p style=\"text-align: center;\">Min \u00c5nd skal \u00e5penbara for deg korleis livet eigentleg er.<br \/>\nDu skal f\u00e5 sj\u00e5 det slik eg ser det.<br \/>\nDet er heilt annleis enn slik menneskja framstiller det.<\/p>\n<p style=\"text-align: center;\">Det er stor forskjell p\u00e5 mine tankar og dykkar tankar (Es. 55,8)<br \/>\nDu vil aldri forst\u00e5 dette.<br \/>\nDu m\u00e5 tru ting du ikkje forst\u00e5r.<\/p>\n<p style=\"text-align: center;\">Det er stor skilnad p\u00e5 leirkaret og pottemakaren (Jer. 18,5-6)<br \/>\nKan vel karet l\u00e6ra pottemkakaren noko?<\/p>\n<p style=\"text-align: center;\">Slik som leiret er i pottemakarens hand, er du i mi hand.<br \/>\nOg slik som pottemakaren formar leiret<br \/>\ntil eit kar slik han vil ha det,<br \/>\nslik vil eg forma deg til det eg vil bruka deg til.<\/p>\n<p style=\"text-align: center;\">Du er i mi hand.<br \/>\nSlepp meg til!<\/p>\n<p><script>\n  (function(i,s,o,g,r,a,m){i['GoogleAnalyticsObject']=r;i[r]=i[r]||function(){\n  (i[r].q=i[r].q||[]).push(arguments)},i[r].l=1*new Date();a=s.createElement(o),\n  m=s.getElementsByTagName(o)[0];a.async=1;a.src=g;m.parentNode.insertBefore(a,m)\n  })(window,document,'script','https:\/\/www.google-analytics.com\/analytics.js','ga');<\/p>\n<p>  ga('create', 'UA-105088674-1', 'auto');\n  ga('send', 'pageview');<\/p>\n<p><\/script><\/p>\n","protected":false},"excerpt":{"rendered":"<p>POTTEMAKAREN Eit ord fr\u00e5 Herren p\u00e5 m\u00f8tet i Oster\u00f8y KF 15.09.2013 Min \u00c5nd skal \u00e5penbara for deg korleis livet eigentleg er. Du skal f\u00e5 sj\u00e5 det slik eg ser det. Det er heilt annleis enn slik menneskja framstiller det. Det &hellip; <a class=\"more-link\" href=\"https:\/\/kf-oster.net\/?page_id=292\">Continue reading <span class=\"meta-nav\">&rarr;<\/span><\/a><\/p>\n","protected":false},"author":1,"featured_media":0,"parent":0,"menu_order":0,"comment_status":"closed","ping_status":"closed","template":"onecolumn-page.php","meta":[],"_links":{"self":[{"href":"https:\/\/kf-oster.net\/index.php?rest_route=\/wp\/v2\/pages\/292"}],"collection":[{"href":"https:\/\/kf-oster.net\/index.php?rest_route=\/wp\/v2\/pages"}],"about":[{"href":"https:\/\/kf-oster.net\/index.php?rest_route=\/wp\/v2\/types\/page"}],"author":[{"embeddable":true,"href":"https:\/\/kf-oster.net\/index.php?rest_route=\/wp\/v2\/users\/1"}],"replies":[{"embeddable":true,"href":"https:\/\/kf-oster.net\/index.php?rest_route=%2Fwp%2Fv2%2Fcomments&post=292"}],"version-history":[{"count":0,"href":"https:\/\/kf-oster.net\/index.php?rest_route=\/wp\/v2\/pages\/292\/revisions"}],"wp:attachment":[{"href":"https:\/\/kf-oster.net\/index.php?rest_route=%2Fwp%2Fv2%2Fmedia&parent=292"}],"curies":[{"name":"wp","href":"https:\/\/api.w.org\/{rel}","templated":true}]}}