{"id":298,"date":"2013-12-31T13:12:02","date_gmt":"2013-12-31T13:12:02","guid":{"rendered":"http:\/\/kf-oster.net\/?page_id=298"},"modified":"2022-01-21T20:18:39","modified_gmt":"2022-01-21T20:18:39","slug":"video","status":"publish","type":"page","link":"https:\/\/kf-oster.net\/?page_id=298","title":{"rendered":"Videoer"},"content":{"rendered":"<center><iframe loading=\"lazy\" src=\"https:\/\/www.youtube.com\/embed\/QigXPePvxbw\" width=\"315\" height=\"235\" frameborder=\"0\"><\/iframe><\/center>\r\n\r\n<center>Fr\u00e5 opprustningsarbeidet p\u00e5 helsesenteret i Bagacay, Filippinene (2011)<\/center>\r\n\r\n\r\n<p><br \/>\u00a0 \u00a0 \u00a0\u00a0<iframe loading=\"lazy\" src=\"https:\/\/www.youtube.com\/embed\/lwoRr-ZhnvI\" width=\"315\" height=\"235\" frameborder=\"0\"><\/iframe>\u00a0 \u00a0 \u00a0 \u00a0 \u00a0 \u00a0 \u00a0 \u00a0 \u00a0<iframe loading=\"lazy\" src=\"https:\/\/www.youtube.com\/embed\/yoEeJ-ACuSI\" width=\"315\" height=\"235\" frameborder=\"0\"><\/iframe><\/p>\r\n\r\n\r\n<center>Fr\u00e5 lysbildeserien &#8216;Veien, Sannheten og Livet&#8217;. Jarle laga den i 1974, men den er framleis like aktuell (enkelte bilde-justeringar).<\/center><center><\/center><center><\/center>\r\n<p>&nbsp;<\/p>\r\n<center>Under her vil me leggja inn nokre fleire videoer som me meiner er vel verdt \u00e5 sj\u00e5.\r\n<br \/>\r\n<br \/>\r\n<p>Bj\u00f8rn Mjelde har laga nokre videoer der han har brukt sangar av Don Francisco og sett inn illustrasjonar til desse tekstane. Veldig bra! synes eg. \r\n<br \/>\r\n<br \/>\r\n<\/p><p>Et lite tips: Ynskjer du \u00e5 sj\u00e5 desse videoane i full skjermst\u00f8rrelse, s\u00e5 kan du klikka p\u00e5 YouTube merket nederst til h\u00f8gre, og kjem d\u00e5 inn p\u00e5 YouTube &#8211; der dei i utgangspunktet er lagra.<\/p>\r\n<\/center>\r\n\r\n\r\n<p>\u00a0 \u00a0 \u00a0\u00a0<iframe loading=\"lazy\" src=\"https:\/\/www.youtube.com\/embed\/n2ap8W3tltU\" width=\"315\" height=\"235\" frameborder=\"0\"><\/iframe>\u00a0 \u00a0 \u00a0 \u00a0 \u00a0 \u00a0 \u00a0 \u00a0 \u00a0<iframe loading=\"lazy\" src=\"https:\/\/www.youtube.com\/embed\/STzYkRg_Rwk\" width=\"315\" height=\"235\" frameborder=\"0\"><\/iframe><\/p>\r\n\r\n\r\n\r\n<p>\u00a0 \u00a0 \u00a0\u00a0<iframe loading=\"lazy\" src=\"https:\/\/www.youtube.com\/embed\/-P0NtJjQ78Y\" width=\"315\" height=\"235\" frameborder=\"0\"><\/iframe>\u00a0 \u00a0 \u00a0 \u00a0 \u00a0 \u00a0 \u00a0 \u00a0 \u00a0<iframe loading=\"lazy\" src=\"https:\/\/www.youtube.com\/embed\/AOPj8o7geqY\" width=\"315\" height=\"235\" frameborder=\"0\"><\/iframe><\/p>\r\n\r\n\r\n\r\n<p><script><br \/>\r\n  (function(i,s,o,g,r,a,m){i['GoogleAnalyticsObject']=r;i[r]=i[r]||function(){<br \/>\r\n  (i[r].q=i[r].q||[]).push(arguments)},i[r].l=1*new Date();a=s.createElement(o),<br \/>\r\n  m=s.getElementsByTagName(o)[0];a.async=1;a.src=g;m.parentNode.insertBefore(a,m)<br \/>\r\n  })(window,document,'script','https:\/\/www.google-analytics.com\/analytics.js','ga');<\/script><\/p>\r\n<p>&nbsp;<\/p>\r\n","protected":false},"excerpt":{"rendered":"<p>Fr\u00e5 opprustningsarbeidet p\u00e5 helsesenteret i Bagacay, Filippinene (2011) \u00a0 \u00a0 \u00a0\u00a0\u00a0 \u00a0 \u00a0 \u00a0 \u00a0 \u00a0 \u00a0 \u00a0 \u00a0 Fr\u00e5 lysbildeserien &#8216;Veien, Sannheten og Livet&#8217;. Jarle laga den i 1974, men den er framleis like aktuell (enkelte bilde-justeringar). &nbsp; Under &hellip; <a class=\"more-link\" href=\"https:\/\/kf-oster.net\/?page_id=298\">Continue reading <span class=\"meta-nav\">&rarr;<\/span><\/a><\/p>\n","protected":false},"author":1,"featured_media":0,"parent":0,"menu_order":0,"comment_status":"closed","ping_status":"closed","template":"onecolumn-page.php","meta":[],"_links":{"self":[{"href":"https:\/\/kf-oster.net\/index.php?rest_route=\/wp\/v2\/pages\/298"}],"collection":[{"href":"https:\/\/kf-oster.net\/index.php?rest_route=\/wp\/v2\/pages"}],"about":[{"href":"https:\/\/kf-oster.net\/index.php?rest_route=\/wp\/v2\/types\/page"}],"author":[{"embeddable":true,"href":"https:\/\/kf-oster.net\/index.php?rest_route=\/wp\/v2\/users\/1"}],"replies":[{"embeddable":true,"href":"https:\/\/kf-oster.net\/index.php?rest_route=%2Fwp%2Fv2%2Fcomments&post=298"}],"version-history":[{"count":8,"href":"https:\/\/kf-oster.net\/index.php?rest_route=\/wp\/v2\/pages\/298\/revisions"}],"predecessor-version":[{"id":639,"href":"https:\/\/kf-oster.net\/index.php?rest_route=\/wp\/v2\/pages\/298\/revisions\/639"}],"wp:attachment":[{"href":"https:\/\/kf-oster.net\/index.php?rest_route=%2Fwp%2Fv2%2Fmedia&parent=298"}],"curies":[{"name":"wp","href":"https:\/\/api.w.org\/{rel}","templated":true}]}}