{"id":312,"date":"2014-02-06T23:22:04","date_gmt":"2014-02-06T23:22:04","guid":{"rendered":"http:\/\/kf-oster.net\/?page_id=312"},"modified":"2019-01-01T22:33:02","modified_gmt":"2019-01-01T22:33:02","slug":"fra-ragnar-4-febr-14","status":"publish","type":"page","link":"https:\/\/kf-oster.net\/?page_id=312","title":{"rendered":"Fr\u00e5 Ragnar &nbsp; &nbsp; &nbsp;4.febr. -14"},"content":{"rendered":"<p>&nbsp;<\/p>\n<h2 style=\"text-align: center;\">Herren skal verna om ditt liv<\/h2>\n<p>Det var fredag 22. april. Langfredag. Eg stod opp i 6-tida, etter \u00e5 ha sove meir den natta enn p\u00e5 lenge.<br \/>\nEg las litt i \u201dBoken som forandrer verden\u201d. S\u00e5 kjende eg at eg skulle begynna \u00e5 be i tunger.<br \/>\nDet gjekk ikkje lenge f\u00f8r Herren begynte \u00e5 snakka til meg, og denne gongen var det Jesus<br \/>\nsom snakka til meg.<br \/>\n\u201dDu er mitt barn. Ikkje p\u00e5 grunn av at du har teke i mot meg, men p\u00e5 grunn av at eg har skapt deg,<br \/>\nog no har eg og kj\u00f8pt deg.\u201d<\/p>\n<p>S\u00e5 vart eg minna om orda \u201ddin utgang og din inngang\u201d, og eg fann dei i Salme 121, vers 8.<br \/>\nD\u00e5 eg slo opp i Bibelen vart eg merksam p\u00e5 vers 7: \u201dHerren skal vara deg fr\u00e5 alt vondt, og verna<br \/>\nom ditt liv\u201d. Og med tanke p\u00e5 den bilulukka eg nett hadde vore i, s\u00e5 vart dette veldig sterkt for meg.<br \/>\nEg har mange gonger lurt p\u00e5 kvifor det st\u00e5r \u201ddin utgang og din inngang\u201d. Ville det ikkje vera naturleg<br \/>\nat det var omvendt?<\/p>\n<p>D\u00e5 fortsette Jesus \u00e5 undervisa meg:<br \/>\n\u201dEg har kj\u00f8pt deg fri fr\u00e5 m\u00f8rkets fengsel. P\u00e5 same m\u00e5ten som Paulus og Silas sat bunden med lekkjer<br \/>\ni det inste og m\u00f8rkaste fangeholet, slik sit menneskja bunden i syndens lekkjer i m\u00f8rkets fengsel.<br \/>\nNo har eg opna d\u00f8rane og l\u00f8yst lekkjene. Ikkje berre for deg, men for alle menneske. Legg merke til att <strong>alle<\/strong> d\u00f8rane sprang opp, og lekkjene losna av <strong>alle<\/strong> fangane. Eg har opna, men du m\u00e5 g\u00e5 <strong>ut<\/strong> av m\u00f8rkret og <strong>inn<\/strong> i lyset. Difor st\u00e5r det utgang f\u00f8rst, og deretter inngang.<br \/>\n\u201dVer ikkje redd. Eg har l\u00f8yst deg ut, kalt deg p\u00e5 namn, du er min!\u201d Jesaja 43,1<\/p>\n<p>Ragnar<\/p>\n<p><script>\n  (function(i,s,o,g,r,a,m){i['GoogleAnalyticsObject']=r;i[r]=i[r]||function(){\n  (i[r].q=i[r].q||[]).push(arguments)},i[r].l=1*new Date();a=s.createElement(o),\n  m=s.getElementsByTagName(o)[0];a.async=1;a.src=g;m.parentNode.insertBefore(a,m)\n  })(window,document,'script','https:\/\/www.google-analytics.com\/analytics.js','ga');<\/p>\n<p>  ga('create', 'UA-105088674-1', 'auto');\n  ga('send', 'pageview');<\/p>\n<p><\/script><\/p>\n","protected":false},"excerpt":{"rendered":"<p>&nbsp; Herren skal verna om ditt liv Det var fredag 22. april. Langfredag. Eg stod opp i 6-tida, etter \u00e5 ha sove meir den natta enn p\u00e5 lenge. Eg las litt i \u201dBoken som forandrer verden\u201d. S\u00e5 kjende eg at &hellip; <a class=\"more-link\" href=\"https:\/\/kf-oster.net\/?page_id=312\">Continue reading <span class=\"meta-nav\">&rarr;<\/span><\/a><\/p>\n","protected":false},"author":1,"featured_media":0,"parent":0,"menu_order":0,"comment_status":"closed","ping_status":"closed","template":"onecolumn-page.php","meta":[],"_links":{"self":[{"href":"https:\/\/kf-oster.net\/index.php?rest_route=\/wp\/v2\/pages\/312"}],"collection":[{"href":"https:\/\/kf-oster.net\/index.php?rest_route=\/wp\/v2\/pages"}],"about":[{"href":"https:\/\/kf-oster.net\/index.php?rest_route=\/wp\/v2\/types\/page"}],"author":[{"embeddable":true,"href":"https:\/\/kf-oster.net\/index.php?rest_route=\/wp\/v2\/users\/1"}],"replies":[{"embeddable":true,"href":"https:\/\/kf-oster.net\/index.php?rest_route=%2Fwp%2Fv2%2Fcomments&post=312"}],"version-history":[{"count":0,"href":"https:\/\/kf-oster.net\/index.php?rest_route=\/wp\/v2\/pages\/312\/revisions"}],"wp:attachment":[{"href":"https:\/\/kf-oster.net\/index.php?rest_route=%2Fwp%2Fv2%2Fmedia&parent=312"}],"curies":[{"name":"wp","href":"https:\/\/api.w.org\/{rel}","templated":true}]}}