{"id":337,"date":"2014-06-15T00:43:47","date_gmt":"2014-06-15T00:43:47","guid":{"rendered":"http:\/\/kf-oster.net\/?page_id=337"},"modified":"2019-01-01T22:22:18","modified_gmt":"2019-01-01T22:22:18","slug":"ord-til-oppmuntring","status":"publish","type":"page","link":"https:\/\/kf-oster.net\/?page_id=337","title":{"rendered":"Ord til oppmuntring"},"content":{"rendered":"<p>Profetisk budskap p\u00e5 storsamling 11.juni 2014:<\/p>\n<p><center><strong>Kom n\u00e6rmere, sier Herren.<br \/>\nJeg vil ha et fortrolig samfund med deg.<br \/>\nKom n\u00e6rmere, jeg har et liv for deg.<br \/>\nBare slapp av, og gi deg helt.<br \/>\nIkke v\u00e6r redd . Jeg vet hva jeg gj\u00f8r.<br \/>\nJeg vet hva tanker jeg har for deg.<br \/>\nKom n\u00e6rmere !<\/strong><\/center><\/p>\n<p><script>\n  (function(i,s,o,g,r,a,m){i['GoogleAnalyticsObject']=r;i[r]=i[r]||function(){\n  (i[r].q=i[r].q||[]).push(arguments)},i[r].l=1*new Date();a=s.createElement(o),\n  m=s.getElementsByTagName(o)[0];a.async=1;a.src=g;m.parentNode.insertBefore(a,m)\n  })(window,document,'script','https:\/\/www.google-analytics.com\/analytics.js','ga');<\/p>\n<p>  ga('create', 'UA-105088674-1', 'auto');\n  ga('send', 'pageview');<\/p>\n<p><\/script><\/p>\n","protected":false},"excerpt":{"rendered":"<p>Profetisk budskap p\u00e5 storsamling 11.juni 2014: Kom n\u00e6rmere, sier Herren. Jeg vil ha et fortrolig samfund med deg. Kom n\u00e6rmere, jeg har et liv for deg. Bare slapp av, og gi deg helt. Ikke v\u00e6r redd . Jeg vet hva &hellip; <a class=\"more-link\" href=\"https:\/\/kf-oster.net\/?page_id=337\">Continue reading <span class=\"meta-nav\">&rarr;<\/span><\/a><\/p>\n","protected":false},"author":1,"featured_media":0,"parent":0,"menu_order":0,"comment_status":"closed","ping_status":"closed","template":"onecolumn-page.php","meta":[],"_links":{"self":[{"href":"https:\/\/kf-oster.net\/index.php?rest_route=\/wp\/v2\/pages\/337"}],"collection":[{"href":"https:\/\/kf-oster.net\/index.php?rest_route=\/wp\/v2\/pages"}],"about":[{"href":"https:\/\/kf-oster.net\/index.php?rest_route=\/wp\/v2\/types\/page"}],"author":[{"embeddable":true,"href":"https:\/\/kf-oster.net\/index.php?rest_route=\/wp\/v2\/users\/1"}],"replies":[{"embeddable":true,"href":"https:\/\/kf-oster.net\/index.php?rest_route=%2Fwp%2Fv2%2Fcomments&post=337"}],"version-history":[{"count":1,"href":"https:\/\/kf-oster.net\/index.php?rest_route=\/wp\/v2\/pages\/337\/revisions"}],"predecessor-version":[{"id":339,"href":"https:\/\/kf-oster.net\/index.php?rest_route=\/wp\/v2\/pages\/337\/revisions\/339"}],"wp:attachment":[{"href":"https:\/\/kf-oster.net\/index.php?rest_route=%2Fwp%2Fv2%2Fmedia&parent=337"}],"curies":[{"name":"wp","href":"https:\/\/api.w.org\/{rel}","templated":true}]}}