{"id":351,"date":"2014-09-22T12:39:56","date_gmt":"2014-09-22T12:39:56","guid":{"rendered":"http:\/\/kf-oster.net\/?page_id=351"},"modified":"2022-10-24T22:22:18","modified_gmt":"2022-10-24T22:22:18","slug":"en-rapport-fra-helsesenteret-i-bagacay","status":"publish","type":"page","link":"https:\/\/kf-oster.net\/?page_id=351","title":{"rendered":"En rapport fra helsesenteret i Bagacay"},"content":{"rendered":"<p>E-post fra Bjarne Thomsen:<\/p>\n<p>Jeg var p\u00e5 ferie der nede i \u00e5r. Da jeg bes\u00f8kte helsesenteret hadde jeg med meg Roderico som ogs\u00e5 var representant for landsbyr\u00e5det da vi renoverte og Grace som oversetter.<\/p>\n<p>Da vi kom stod og satt der m\u00f8dre med barn over alt ute og inne. Ja , jeg vil si det var overfyldt.<br \/>\nDet var ogs\u00e5 opptatt p\u00e5 de to rommene for nyf\u00f8dte , s\u00e5 vi s\u00e5g bare et av dem , da det var en f\u00f8dsel p\u00e5 gang i det andre.<\/p>\n<p>Jeg m\u00e5 virkelig si at renoveringen av helsestasjonen er en suksess.<br \/>\nDet er i tillegg til Bagacay 3 andre landsbyer som bruker helsestasjonen og tilstr\u00f8mningen ble st\u00f8rre etter opp-pussingen. N\u00e5 kunne jo huset virkelig brukes! S\u00e5 n\u00e5 er det i tillegg til jordmoren 4 sykepleiere ( fra Daram , som er hovedlandsbyen).<br \/>\nKapasiteten er sprengt. De m\u00e5 ikke s\u00e5 sjeldent overf\u00f8re kvinner til Daram , hvor der heller ikke er plass til flere.<\/p>\n<p>Vi renset jo ogs\u00e5 vanntanken for 3 \u00e5r siden , men den er av betong og blir fort full av alger igjen.<br \/>\nS\u00e5 der skulle det v\u00e6rt en rustfri st\u00e5ltank av hygiene-helsemessige \u00e5rsaker .<br \/>\nSeptikktanken ble og renset og lagt ned nye r\u00f8r , men den var bare p\u00e5 1 kubikkmeter. S\u00e5 med den sukeess helsesenteret ble , klarte ikke den ta unna vannmengden som ble brukt<\/p>\n<p>Det som skjedde under tyfonen (den vi s\u00e5 p\u00e5 tv) var at et tre veltet og \u00f8dela litt av takrennen og r\u00f8ret til vanntanken.<br \/>\nDette er ikke reparert da landsbystyret har hatt mer enn nok med \u00e5 hjelpe de av landsbyen som bodde og arbeidet i Tacloban (som ble virkelig h\u00e5rdt rammet) og som flyttet tilbake til landsbyen (35 familier som har mistet hus og arbeid).<br \/>\nDet er bare de sentrale str\u00f8k som f\u00e5tt hjelp fra myndigheterne , ikke landsbyer ute i pereferien.<br \/>\nDe m\u00e5 klare seg selv.<\/p>\n<p><a href=\"http:\/\/kf-oster.net\/wp-content\/uploads\/2014\/09\/BildeFilip1-k.jpg\"><img decoding=\"async\" loading=\"lazy\" class=\"aligncenter size-medium wp-image-352\" title=\"BilderFilip1\" src=\"http:\/\/kf-oster.net\/wp-content\/uploads\/2014\/09\/BildeFilip1-k-300x200.jpg\" alt=\"\" width=\"300\" height=\"200\" srcset=\"https:\/\/kf-oster.net\/wp-content\/uploads\/2014\/09\/BildeFilip1-k-300x200.jpg 300w, https:\/\/kf-oster.net\/wp-content\/uploads\/2014\/09\/BildeFilip1-k.jpg 1024w\" sizes=\"(max-width: 300px) 100vw, 300px\" \/><\/a>Skade p\u00e5 takrenna.. er n\u00e5 utett<\/p>\n<p>&nbsp;<\/p>\n<p><a href=\"http:\/\/kf-oster.net\/wp-content\/uploads\/2014\/09\/BildFilip2-k.jpg\"><img decoding=\"async\" loading=\"lazy\" class=\"aligncenter size-medium wp-image-353\" title=\"BildeFilip2\" src=\"http:\/\/kf-oster.net\/wp-content\/uploads\/2014\/09\/BildFilip2-k-300x200.jpg\" alt=\"\" width=\"300\" height=\"200\" srcset=\"https:\/\/kf-oster.net\/wp-content\/uploads\/2014\/09\/BildFilip2-k-300x200.jpg 300w, https:\/\/kf-oster.net\/wp-content\/uploads\/2014\/09\/BildFilip2-k.jpg 1024w\" sizes=\"(max-width: 300px) 100vw, 300px\" \/><\/a>Treet som skadet takrenna<\/p>\n<p>&nbsp;<\/p>\n<p><a href=\"http:\/\/kf-oster.net\/wp-content\/uploads\/2014\/09\/BildeFilip3-k.jpg\"><img decoding=\"async\" loading=\"lazy\" class=\"aligncenter size-medium wp-image-354\" title=\"BildeFilip3\" src=\"http:\/\/kf-oster.net\/wp-content\/uploads\/2014\/09\/BildeFilip3-k-300x200.jpg\" alt=\"\" width=\"300\" height=\"200\" srcset=\"https:\/\/kf-oster.net\/wp-content\/uploads\/2014\/09\/BildeFilip3-k-300x200.jpg 300w, https:\/\/kf-oster.net\/wp-content\/uploads\/2014\/09\/BildeFilip3-k.jpg 1024w\" sizes=\"(max-width: 300px) 100vw, 300px\" \/><\/a>Vanntanken som f\u00e5r vann i fra takrenna<\/p>\n<p>&nbsp;<\/p>\n<p><a href=\"http:\/\/kf-oster.net\/wp-content\/uploads\/2014\/09\/BildeFilip4-k.jpg\"><img decoding=\"async\" loading=\"lazy\" class=\"aligncenter size-medium wp-image-355\" title=\"BildeFilip4\" src=\"http:\/\/kf-oster.net\/wp-content\/uploads\/2014\/09\/BildeFilip4-k-300x200.jpg\" alt=\"\" width=\"300\" height=\"200\" srcset=\"https:\/\/kf-oster.net\/wp-content\/uploads\/2014\/09\/BildeFilip4-k-300x200.jpg 300w, https:\/\/kf-oster.net\/wp-content\/uploads\/2014\/09\/BildeFilip4-k.jpg 1024w\" sizes=\"(max-width: 300px) 100vw, 300px\" \/><\/a>Her er det fullt b\u00e5de ute og inne.<\/p>\n<p><script type=\"text\/javascript\">\/\/ <![CDATA[\n            (function(i,s,o,g,r,a,m){i['GoogleAnalyticsObject']=r;i[r]=i[r]||function(){   (i[r].q=i[r].q||[]).push(arguments)},i[r].l=1*new Date();a=s.createElement(o),   m=s.getElementsByTagName(o)[0];a.async=1;a.src=g;m.parentNode.insertBefore(a,m)   })(window,document,'script','\/\/www.google-analytics.com\/analytics.js','ga');   ga('create', 'UA-47548102-1', 'kf-oster.net');   ga('send', 'pageview');\n\/\/ ]]><\/script><\/p>\n<p>&nbsp;<\/p>\n<p>&nbsp;<\/p>\n","protected":false},"excerpt":{"rendered":"<p>E-post fra Bjarne Thomsen: Jeg var p\u00e5 ferie der nede i \u00e5r. Da jeg bes\u00f8kte helsesenteret hadde jeg med meg Roderico som ogs\u00e5 var representant for landsbyr\u00e5det da vi renoverte og Grace som oversetter. Da vi kom stod og satt &hellip; <a class=\"more-link\" href=\"https:\/\/kf-oster.net\/?page_id=351\">Continue reading <span class=\"meta-nav\">&rarr;<\/span><\/a><\/p>\n","protected":false},"author":1,"featured_media":0,"parent":0,"menu_order":0,"comment_status":"closed","ping_status":"closed","template":"onecolumn-page.php","meta":[],"_links":{"self":[{"href":"https:\/\/kf-oster.net\/index.php?rest_route=\/wp\/v2\/pages\/351"}],"collection":[{"href":"https:\/\/kf-oster.net\/index.php?rest_route=\/wp\/v2\/pages"}],"about":[{"href":"https:\/\/kf-oster.net\/index.php?rest_route=\/wp\/v2\/types\/page"}],"author":[{"embeddable":true,"href":"https:\/\/kf-oster.net\/index.php?rest_route=\/wp\/v2\/users\/1"}],"replies":[{"embeddable":true,"href":"https:\/\/kf-oster.net\/index.php?rest_route=%2Fwp%2Fv2%2Fcomments&post=351"}],"version-history":[{"count":1,"href":"https:\/\/kf-oster.net\/index.php?rest_route=\/wp\/v2\/pages\/351\/revisions"}],"predecessor-version":[{"id":720,"href":"https:\/\/kf-oster.net\/index.php?rest_route=\/wp\/v2\/pages\/351\/revisions\/720"}],"wp:attachment":[{"href":"https:\/\/kf-oster.net\/index.php?rest_route=%2Fwp%2Fv2%2Fmedia&parent=351"}],"curies":[{"name":"wp","href":"https:\/\/api.w.org\/{rel}","templated":true}]}}