{"id":385,"date":"2016-04-09T11:26:17","date_gmt":"2016-04-09T11:26:17","guid":{"rendered":"http:\/\/kf-oster.net\/?page_id=385"},"modified":"2019-01-01T22:32:28","modified_gmt":"2019-01-01T22:32:28","slug":"fra-jarle","status":"publish","type":"page","link":"https:\/\/kf-oster.net\/?page_id=385","title":{"rendered":"Fr\u00e5 Jarle"},"content":{"rendered":"<p>&nbsp;<\/p>\n<h2>\u00a0 \u00a0 \u00a0 \u00a0 \u00a0 \u00a0 \u00a0 \u00a0 \u00a0 \u00a0 \u00a0 \u00a0 Ikkje ekskluder deg sj\u00f8lv!<\/h2>\n<p>  Ein dag eg sat og mediterte over nokre vers i 1.Korinterbrevet kapittel 12, blei<br \/>\n  det plutseleg klart for meg at det \u00e5 ekskludera seg sj\u00f8lv &#8211; alts\u00e5 utelukka seg<br \/>\n  sj\u00f8lv fr\u00e5 \u00e5 tilh\u00f8yra Kristus &#8211; er mykje meir vanleg enn kva dei fleste av<br \/>\n  oss vil tru. For h\u00f8yr kva apostelen seier i vers 15 og 16:<\/p>\n<p><em>&laquo;Om foten ville seia: &#8216;Fordi eg ikkje er hand, h\u00f8yrer eg ikkje med til lekamen&#8217;,<\/em><br \/>\n<em> s\u00e5 h\u00f8yrer han like fullt med til lekamen.<\/em><br \/>\n<em> Og om \u00f8yra ville seia: &#8216;Fordi eg ikkje er auga, h\u00f8yrer eg ikkje med til lekamen&#8217;,<\/em><br \/>\n<em> s\u00e5 h\u00f8yrer det like fullt med til lekamen.&raquo;<\/em><\/p>\n<p>Apostelen brukar alts\u00e5 her lekamen som bilete p\u00e5 Jesus menighet, og dei ulike lemene<br \/>\nsom bilete p\u00e5 enkeltpersonar.<br \/>\nS\u00e5 ser me her at desse enkeltpersonane seier noko til seg sj\u00f8lv som IKKJE er sant!<br \/>\nDei seier at dei IKKJE tilh\u00f8yrer Jesu Kristi menighet &#8211; noko som ikkje er sant, seier<br \/>\napostelen. For sanninga er at dei tilh\u00f8yrer Jesu lekam, Jesu menighet!<\/p>\n<p>S\u00e5 grunna eg litt meir p\u00e5 dette, og det slo meg at dette kanskje er det sl\u00f8gaste<br \/>\nknep som den vonde brukar for \u00e5 halda folk p\u00e5 avstand fr\u00e5 Jesus &#8211; og p\u00e5 avstand fr\u00e5 alt<br \/>\nsom kristent heiter.<br \/>\nKan han f\u00e5 oss til \u00e5 tru at me ikkje passar inn der, har han vunne ein stor siger.<br \/>\nOm sjelefienden f\u00e5r oss til sj\u00e5 p\u00e5 det som er ULIKT mellom oss, og f\u00e5r bl\u00e5sa<br \/>\ndet opp til \u00e5 bli ei stor sak, ja, som sj\u00f8lve hovudsaka &#8211; d\u00e5 har han p\u00e5 mange m\u00e5tar<br \/>\nblokkert vegen for oss, til \u00e5 koma i kontakt med Jesus.<br \/>\nFor saken er jo den at vi ALLE er forskjellige! Ingen menneske er HEILT like.<br \/>\nIkkje berre i det ytre er me ulike, men \u00f2g p\u00e5 det indre planet er me ulike.<\/p>\n<p>Me har ulike evner og utrustning &#8211; ulike eigenskapar som menneske.<br \/>\nIkkje berre det &#8211; men den enkelte av oss er heilt unike som personar.<br \/>\nFor det er berre ein deg, og det er berre ein meg.<br \/>\nSom person er eg &#8211; og eg vil alltid vera &#8211; heilt unik. Ja, som person, som sjel &#8211;<br \/>\nsom den eg er, djupast sett &#8211; er me som enkeltmenneske, heilt unike alle saman.<\/p>\n<p>Difor \u00f2g blir det heilt feil \u00e5 tenkja at ein ikkje kan h\u00f8yra til Jesus, og vera ein<br \/>\nlem p\u00e5 hans lekam fordi ein er ulik dei andre. Nei, me m\u00e5 sj\u00e5 at dei andre \u00f2g<br \/>\ner ulike kvarandre, og at det er akkurat slik Faderen og Sonen vil ha det!<br \/>\nJesus vil ha ulike lemer &#8211; men Anden i oss, Livet i oss, DET er det same.<br \/>\nDet har me felles &#8211; s\u00e5 sant me har tatt imot Jesus som v\u00e5r Frelsar og Herre.<\/p>\n<p>Apostelen sl\u00e5r fast, veldig kl\u00e5rt i vers 12 og 13:<br \/>\n<em>&laquo;For liksom lekamen er \u00e9in, end\u00e5 han har mange lemer, og alle lemene er ein lekam,<\/em><br \/>\n<em> end\u00e5 dei er mange, s\u00e5leis er det med Kristus \u00f2g.<\/em><br \/>\n<em> For med \u00e9in Ande vart vi alle d\u00f8ypte til \u00e5 vera \u00e9in lekam, anten vi er j\u00f8dar eller grekarar,<\/em><br \/>\n<em> tr\u00e6lar eller frie; og alle fekk vi \u00e9in Ande \u00e5 drikka.&raquo;<\/em><\/p>\n<p>S\u00e5 la oss ikkje lenger h\u00f8yra p\u00e5 sjelefienden, n\u00e5r han fors\u00f8ker \u00e5 innbilla deg og meg<br \/>\nat me m\u00e5 vera slik og slik for \u00e5 passa saman med Jesus og andre truande.<\/p>\n<p>Nei, la oss heller ta til oss kva Guds ord seier her i vers 21 og 22:<br \/>\n<em>&laquo;Auga kan ikkje seia til handa: &#8216;Eg treng deg ikkje&#8217;, eller hovudet til f\u00f8tene: &#8216;Eg har ikkje<br \/>\nbruk for dykk&#8217;. Tvert imot! Dei lemene p\u00e5 lekamen som synest vera veikast, dei er naudsynlege.&raquo;<\/em><\/p>\n<p>Guds vilje er at ALLE skal bli frelst, og l\u00e6ra sanninga \u00e5 kjenna (1.Tim.2,4).<br \/>\nAlle er alle! Og alle er me forskjellige!<br \/>\nS\u00e5 Gud er tydeligvis ikkje tilhengjar av masseproduserte, str\u00f8mlinjeforma og<br \/>\n&#8216;vinkelrette&#8217; menneske. Han vil ha levande, og heilt unike originalar.<br \/>\nDifor m\u00e5 me ikkje vera s\u00e5 snar til \u00e5 ekskludera oss sj\u00f8lv p\u00e5 eit slikt, heilt feil<br \/>\ngrunnlag.<br \/>\nMe m\u00e5 sj\u00e5 at dette med \u00e5 ekskludera nokon p\u00e5 grunn av ulikskap, er verdens m\u00e5te<br \/>\n\u00e5 tenkja p\u00e5. Og me m\u00e5 sj\u00e5 at slike tankar kjem fr\u00e5 den vonde, han som jo heile tida<br \/>\ner ute etter \u00e5 skapa splid og strid mellom folk.<\/p>\n<p>Men Bibelen l\u00e6rer klart at Gud elskar ALLE. Og Jesus har sona for ALLE. Og det<br \/>\nuansett utsj\u00e5ande, uansett bakgrunn og kultur, uansett spr\u00e5k, uansett evner eller anlegg,<br \/>\nalder eller kj\u00f8nn &#8211; ja, uansett korleis me ser p\u00e5 oss sj\u00f8lv &#8211; eller korleis me TRUR andre ser<br \/>\np\u00e5 oss (som ofte er feil!).<br \/>\nFor Jesus er me ALLE s\u00e5 verdifulle, at han var villig \u00e5 t\u00e5la den st\u00f8rste pinsla<br \/>\nfor \u00e5 f\u00e5 oss med i sitt fylgje!<\/p>\n<p><strong>S\u00e5 ver aldri i tvil: Jesus vil \u00f2g ha DEG med i sitt fylgje!<\/strong><\/p>\n<p>.<\/p>\n<p><script>\n  (function(i,s,o,g,r,a,m){i['GoogleAnalyticsObject']=r;i[r]=i[r]||function(){\n  (i[r].q=i[r].q||[]).push(arguments)},i[r].l=1*new Date();a=s.createElement(o),\n  m=s.getElementsByTagName(o)[0];a.async=1;a.src=g;m.parentNode.insertBefore(a,m)\n  })(window,document,'script','https:\/\/www.google-analytics.com\/analytics.js','ga');<\/p>\n<p>  ga('create', 'UA-105088674-1', 'auto');\n  ga('send', 'pageview');<\/p>\n<p><\/script><\/p>\n","protected":false},"excerpt":{"rendered":"<p>&nbsp; \u00a0 \u00a0 \u00a0 \u00a0 \u00a0 \u00a0 \u00a0 \u00a0 \u00a0 \u00a0 \u00a0 \u00a0 Ikkje ekskluder deg sj\u00f8lv! Ein dag eg sat og mediterte over nokre vers i 1.Korinterbrevet kapittel 12, blei det plutseleg klart for meg at det \u00e5 ekskludera &hellip; <a class=\"more-link\" href=\"https:\/\/kf-oster.net\/?page_id=385\">Continue reading <span class=\"meta-nav\">&rarr;<\/span><\/a><\/p>\n","protected":false},"author":1,"featured_media":0,"parent":0,"menu_order":0,"comment_status":"closed","ping_status":"closed","template":"onecolumn-page.php","meta":[],"_links":{"self":[{"href":"https:\/\/kf-oster.net\/index.php?rest_route=\/wp\/v2\/pages\/385"}],"collection":[{"href":"https:\/\/kf-oster.net\/index.php?rest_route=\/wp\/v2\/pages"}],"about":[{"href":"https:\/\/kf-oster.net\/index.php?rest_route=\/wp\/v2\/types\/page"}],"author":[{"embeddable":true,"href":"https:\/\/kf-oster.net\/index.php?rest_route=\/wp\/v2\/users\/1"}],"replies":[{"embeddable":true,"href":"https:\/\/kf-oster.net\/index.php?rest_route=%2Fwp%2Fv2%2Fcomments&post=385"}],"version-history":[{"count":1,"href":"https:\/\/kf-oster.net\/index.php?rest_route=\/wp\/v2\/pages\/385\/revisions"}],"predecessor-version":[{"id":388,"href":"https:\/\/kf-oster.net\/index.php?rest_route=\/wp\/v2\/pages\/385\/revisions\/388"}],"wp:attachment":[{"href":"https:\/\/kf-oster.net\/index.php?rest_route=%2Fwp%2Fv2%2Fmedia&parent=385"}],"curies":[{"name":"wp","href":"https:\/\/api.w.org\/{rel}","templated":true}]}}