{"id":387,"date":"2016-04-09T19:43:26","date_gmt":"2016-04-09T19:43:26","guid":{"rendered":"http:\/\/kf-oster.net\/?page_id=387"},"modified":"2022-10-24T22:24:12","modified_gmt":"2022-10-24T22:24:12","slug":"innlegg-3","status":"publish","type":"page","link":"https:\/\/kf-oster.net\/?page_id=387","title":{"rendered":"Innlegg"},"content":{"rendered":"<p>&nbsp;<\/p>\n<p>&nbsp;<\/p>\n<p>&nbsp;<\/p>\n<h2><em><center><a title=\"Fr\u00e5 Jarle\" href=\"http:\/\/kf-oster.net\/?page_id=385\">Fr\u00e5 Jarle 9\/4-16<\/a><br \/>\n<a title=\"Fr\u00e5 Ragnar \u00a0 \u00a0 nov. -14\" href=\"http:\/\/kf-oster.net\/?page_id=359\">Fr\u00e5 Ragnar \u00a013\/11-14<\/a><br \/>\n<a title=\"Ord til oppmuntring\" href=\"http:\/\/kf-oster.net\/?page_id=337\">Ord til oppmuntring<\/a><br \/>\n<a title=\"Fr\u00e5 Ragnar \u00a0 \u00a0 \u00a04.febr. -14\" href=\"http:\/\/kf-oster.net\/?page_id=312\">Fr\u00e5 Ragnar<\/a><br \/>\n<\/center><center><a href=\"http:\/\/kf-oster.net\/?page_id=292\">Fr\u00e5 Ragnar<\/a><br \/>\n<a href=\"http:\/\/kf-oster.net\/?page_id=222\">Fr\u00e5 Bj\u00f8rn<\/a><br \/>\n<\/center><br \/>\n\u00a0<\/em><\/h2>\n<p><script>\n  (function(i,s,o,g,r,a,m){i['GoogleAnalyticsObject']=r;i[r]=i[r]||function(){\n  (i[r].q=i[r].q||[]).push(arguments)},i[r].l=1*new Date();a=s.createElement(o),\n  m=s.getElementsByTagName(o)[0];a.async=1;a.src=g;m.parentNode.insertBefore(a,m)\n  })(window,document,'script','https:\/\/www.google-analytics.com\/analytics.js','ga');<\/p>\n<p>  ga('create', 'UA-105088674-1', 'auto');\n  ga('send', 'pageview');<\/p>\n<p><\/script><\/p>\n","protected":false},"excerpt":{"rendered":"<p>&nbsp; &nbsp; &nbsp; Fr\u00e5 Jarle 9\/4-16 Fr\u00e5 Ragnar \u00a013\/11-14 Ord til oppmuntring Fr\u00e5 Ragnar Fr\u00e5 Ragnar Fr\u00e5 Bj\u00f8rn \u00a0<\/p>\n","protected":false},"author":1,"featured_media":0,"parent":0,"menu_order":0,"comment_status":"closed","ping_status":"closed","template":"onecolumn-page.php","meta":[],"_links":{"self":[{"href":"https:\/\/kf-oster.net\/index.php?rest_route=\/wp\/v2\/pages\/387"}],"collection":[{"href":"https:\/\/kf-oster.net\/index.php?rest_route=\/wp\/v2\/pages"}],"about":[{"href":"https:\/\/kf-oster.net\/index.php?rest_route=\/wp\/v2\/types\/page"}],"author":[{"embeddable":true,"href":"https:\/\/kf-oster.net\/index.php?rest_route=\/wp\/v2\/users\/1"}],"replies":[{"embeddable":true,"href":"https:\/\/kf-oster.net\/index.php?rest_route=%2Fwp%2Fv2%2Fcomments&post=387"}],"version-history":[{"count":2,"href":"https:\/\/kf-oster.net\/index.php?rest_route=\/wp\/v2\/pages\/387\/revisions"}],"predecessor-version":[{"id":722,"href":"https:\/\/kf-oster.net\/index.php?rest_route=\/wp\/v2\/pages\/387\/revisions\/722"}],"wp:attachment":[{"href":"https:\/\/kf-oster.net\/index.php?rest_route=%2Fwp%2Fv2%2Fmedia&parent=387"}],"curies":[{"name":"wp","href":"https:\/\/api.w.org\/{rel}","templated":true}]}}