{"id":425,"date":"2019-01-01T20:42:49","date_gmt":"2019-01-01T20:42:49","guid":{"rendered":"https:\/\/kf-oster.net\/?page_id=425"},"modified":"2019-02-12T23:32:26","modified_gmt":"2019-02-12T23:32:26","slug":"med-fryd-skal-de-ausa-vatn-or-frelseskjeldene-jes-123","status":"publish","type":"page","link":"https:\/\/kf-oster.net\/","title":{"rendered":"<span style=\"color: teal; font-family: 'Lucida Sans';\">Med fryd skal de ausa vatn or frelseskjeldene! (Jes.12,3)"},"content":{"rendered":"<table border=\"0\" id=\"1391bb8f-9f0b-1c7c-de6b-e244752dbc74\" contenteditable=\"false\">\n<td width=\"325\"><span style=\"color: teal; font-family: 'Lucida Sans';\"><strong><span style=\"font-size: medium;\"><font size=\"4\"><br \/>\nLevande vatn<\/p>\n<p><\/span><\/font><span style=\"font-size: medium;\">Siste dagen i h\u00f8gtida, den store festdagen, stod Jesus fram og ropa:<br \/>\n&laquo;Den som t\u00f8rstar, skal koma til meg og drikka. Den som trur p\u00e5 meg, fr\u00e5 hans indre skal det, som Skrifta seier, renna elvar med levande vatn.&raquo;<br \/>\nDette sa han om Anden dei skulle f\u00e5, dei som trudde p\u00e5 han.<br \/>\nJoh.7,37-39<\/strong><\/p>\n<p><\/span><\/td>\n<td width=\"320\">&nbsp;<\/p>\n<p><a href=\"https:\/\/kf-oster.net\/wp-content\/uploads\/2011\/11\/IMG_009km.jpg\"><img decoding=\"async\" loading=\"lazy\" class=\"alignnone size-medium wp-image-75\" title=\"IMG_009km\" src=\"https:\/\/kf-oster.net\/wp-content\/uploads\/2011\/11\/IMG_009km-300x196.jpg\" alt=\"\" width=\"390\" height=\"252\" \/><\/a><br \/>\n&nbsp; &nbsp; <span style=\"color: teal; font-family: 'Lucida Sans';\"><\/p>\n<p style=\"display: inline;\">Sang: Camilla Myklebust:<\/p>\n<p><div class=\"sc_player_container1\"><input type=\"button\" id=\"btnplay_69de44918d79b0.49969356\" class=\"myButton_play\" onClick=\"play_mp3('play','69de44918d79b0.49969356','https:\/\/kf-oster.net\/Diverse\/Kjelda.mp3','80','false');show_hide('play','69de44918d79b0.49969356');\" \/><input type=\"button\"  id=\"btnstop_69de44918d79b0.49969356\" style=\"display:none\" class=\"myButton_stop\" onClick=\"play_mp3('stop','69de44918d79b0.49969356','','80','false');show_hide('stop','69de44918d79b0.49969356');\" \/><div id=\"sm2-container\"><!-- flash movie ends up here --><\/div><\/div><\/td>\n<\/table>\n","protected":false},"excerpt":{"rendered":"<p>Levande vatn Siste dagen i h\u00f8gtida, den store festdagen, stod Jesus fram og ropa: &laquo;Den som t\u00f8rstar, skal koma til meg og drikka. Den som trur p\u00e5 meg, fr\u00e5 hans indre skal det, som Skrifta seier, renna elvar med levande &hellip; <a class=\"more-link\" href=\"https:\/\/kf-oster.net\/\">Continue reading <span class=\"meta-nav\">&rarr;<\/span><\/a><\/p>\n","protected":false},"author":1,"featured_media":0,"parent":0,"menu_order":0,"comment_status":"closed","ping_status":"closed","template":"page-altright.php","meta":[],"_links":{"self":[{"href":"https:\/\/kf-oster.net\/index.php?rest_route=\/wp\/v2\/pages\/425"}],"collection":[{"href":"https:\/\/kf-oster.net\/index.php?rest_route=\/wp\/v2\/pages"}],"about":[{"href":"https:\/\/kf-oster.net\/index.php?rest_route=\/wp\/v2\/types\/page"}],"author":[{"embeddable":true,"href":"https:\/\/kf-oster.net\/index.php?rest_route=\/wp\/v2\/users\/1"}],"replies":[{"embeddable":true,"href":"https:\/\/kf-oster.net\/index.php?rest_route=%2Fwp%2Fv2%2Fcomments&post=425"}],"version-history":[{"count":7,"href":"https:\/\/kf-oster.net\/index.php?rest_route=\/wp\/v2\/pages\/425\/revisions"}],"predecessor-version":[{"id":483,"href":"https:\/\/kf-oster.net\/index.php?rest_route=\/wp\/v2\/pages\/425\/revisions\/483"}],"wp:attachment":[{"href":"https:\/\/kf-oster.net\/index.php?rest_route=%2Fwp%2Fv2%2Fmedia&parent=425"}],"curies":[{"name":"wp","href":"https:\/\/api.w.org\/{rel}","templated":true}]}}